{"id":338519,"date":"2023-06-05T15:02:40","date_gmt":"2023-06-05T13:02:40","guid":{"rendered":"https:\/\/www.varcolor.it\/privacy-policy\/"},"modified":"2023-08-01T11:58:50","modified_gmt":"2023-08-01T09:58:50","slug":"datenschutzrichtlinie","status":"publish","type":"page","link":"https:\/\/www.varcolor.it\/de\/datenschutzrichtlinie\/","title":{"rendered":"Datenschutzrichtlinie"},"content":{"rendered":"<p>[et_pb_section fb_built=&#8220;1&#8243; _builder_version=&#8220;4.15&#8243; da_disable_devices=&#8220;off|off|off&#8220; global_colors_info=&#8220;{}&#8220; da_is_popup=&#8220;off&#8220; da_exit_intent=&#8220;off&#8220; da_has_close=&#8220;on&#8220; da_alt_close=&#8220;off&#8220; da_dark_close=&#8220;off&#8220; da_not_modal=&#8220;on&#8220; da_is_singular=&#8220;off&#8220; da_with_loader=&#8220;off&#8220; da_has_shadow=&#8220;on&#8220;][et_pb_row _builder_version=&#8220;4.15&#8243; global_colors_info=&#8220;{}&#8220;][et_pb_column type=&#8220;4_4&#8243; _builder_version=&#8220;4.15&#8243; global_colors_info=&#8220;{}&#8220;][et_pb_text _builder_version=&#8220;4.15.1&#8243; header_font=&#8220;|||on|||||&#8220; hover_enabled=&#8220;0&#8243; global_colors_info=&#8220;{}&#8220; sticky_enabled=&#8220;0&#8243;]<\/p>\n<h1>Informationen \u00fcber die Verarbeitung von personenbezogenen Daten<\/h1>\n<p>[\/et_pb_text][et_pb_text _builder_version=&#8220;4.15.1&#8243; hover_enabled=&#8220;0&#8243; global_colors_info=&#8220;{}&#8220; sticky_enabled=&#8220;0&#8243;]<\/p>\n<p><strong>F\u00dcR DIE DATENVERARBEITUNG VERANTWORTLICHER<\/strong><\/p>\n<p>Varcolor S.r.l., Via dell\u2019Industria, 22 \u2013 36050 Quinto Vicentino (VI) \u2013 C.F. e P. IVA: IT 02828680245<\/p>\n<p><strong>F\u00dcR DEN SCHUTZ PERSONENBEZOGENER DATEN VERANTWORTLICHER<\/strong><\/p>\n<p>Der f\u00fcr die Datenverarbeitung Verantwortliche hat Anw. Silvia Gorini benannt, die unter folgender E-Mail-Adresse zu erreichen ist: dpo@varcolor.it<\/p>\n<p>Im Rahmen der Nutzung dieser Website k\u00f6nnen Daten verarbeitet werden, die sich auf identifizierte oder identifizierbare nat\u00fcrliche und\/oder juristische Personen beziehen.<\/p>\n<p><strong>ORT DER DATENVERARBEITUNG<\/strong><\/p>\n<p>Die Verarbeitungen im Zusammenhang mit den Webdiensten dieser Website finden in den oben genannten Gesch\u00e4ftsr\u00e4umen statt und werden nur von dem mit der Verarbeitung beauftragten Personal oder von Personen durchgef\u00fchrt, die f\u00fcr gelegentliche Wartungs- und Sekretariatsarbeiten zust\u00e4ndig sind. Die freigegebenen Daten k\u00f6nnen im Zusammenhang mit Dienstleistungen, die f\u00fcr den f\u00fcr die Datenverarbeitung Verantwortlichen erbracht werden, an Dritte weitergegeben werden. Diese Parteien werden gem\u00e4\u00df Artikel&nbsp;28 der Verordnung (EU) 2016\/679 zu Datenverarbeitern ernannt.<\/p>\n<p><strong>ART DER VERARBEITETEN DATEN<\/strong><\/p>\n<p><strong>Navigationsdaten<\/strong>: Die f\u00fcr den Betrieb dieser Website verwendeten Computersysteme und Softwareverfahren erfassen im Rahmen ihres normalen Betriebs bestimmte personenbezogene Daten, deren \u00dcbermittlung bei der Verwendung von Internet-Kommunikationsprotokollen vorausgesetzt wird. Diese Daten werden nicht zu dem Zweck erhoben, sie mit identifizierten Personen in Verbindung zu bringen, sondern k\u00f6nnten aufgrund ihrer Eigenschaften durch die Verarbeitung und Verkn\u00fcpfung mit Daten im Besitz von Dritten die Identifizierung von Nutzern erm\u00f6glichen. Zu dieser Datenkategorie geh\u00f6ren die IP-Adressen oder Dom\u00e4nennamen der Computer, die von den Nutzern verwendet werden, um sich mit der Website zu verbinden, die URI-Adressen (Uniform Resource Identifier) der angeforderten Ressourcen, die Uhrzeit der Anfrage, die f\u00fcr die Anfrage an den Server verwendete Methode, die Gr\u00f6\u00dfe der als Antwort erhaltenen Datei, der numerische Code, der den Status der vom Server gegebenen Antwort angibt (erfolgreich, Fehler usw.) und andere Parameter, die sich auf das Betriebssystem und die Computerumgebung des Nutzers beziehen. Diese Daten werden ausschlie\u00dflich dazu verwendet, anonyme statistische Informationen \u00fcber die Nutzung der Website zu erfassen und ihr ordnungsgem\u00e4\u00dfes Funktionieren zu \u00fcberpr\u00fcfen, und werden nach der Verarbeitung sofort gel\u00f6scht. Die Daten k\u00f6nnten verwendet werden, um die Haftung im Falle hypothetischer Computerstraftaten gegen die Website zu ermitteln.<\/p>\n<p><strong>Vom Nutzer freiwillig zur Verf\u00fcgung gestellte Daten<\/strong>: Die optionale, ausdr\u00fcckliche und freiwillige Zusendung von elektronischer Post an die auf dieser Website angegebenen Adressen hat zur Folge, dass die Adresse des Absenders, die f\u00fcr die Beantwortung von Anfragen erforderlich ist, sowie alle anderen pers\u00f6nlichen Daten im Kontaktformular erfasst werden. Spezifische Informationen werden auf den Seiten der Website, die f\u00fcr bestimmte Dienste eingerichtet wurden, auf Anfrage stufenweise mitgeteilt oder angezeigt. Die im Kontaktformular angegebenen personenbezogenen Daten werden f\u00fcr eine anschlie\u00dfende telefonische oder elektronische Kontaktaufnahme mit dem betreffenden Unternehmen zum Zwecke der Angebotsabgabe und vorvertraglicher Ma\u00dfnahmen gem\u00e4\u00df Art. 6 Buchstabe b) der Verordnung (EU) 2016\/679 verwendet. F\u00fcr das Abonnement des Newsletters und des Update-Dienstes (Art. 6 Buchst. a) der EU-Verordnung 2016\/679) sowie f\u00fcr personalisierte Mitteilungen ist hingegen die ausdr\u00fcckliche Einwilligung der betroffenen Person erforderlich.<\/p>\n<p><strong>Cookies<\/strong>: Dieser Bereich der Website sendet den Besuchern bestimmte Dateien, die allgemein als Cookies bekannt sind. Die Cookies werden vom Browser des Computers ausschlie\u00dflich dazu verwendet, die Sitzungsdaten des Website-Benutzers zu speichern. Die Verwendung von Cookies ist ein Standard in der Branche. Die Browser speichern sie in einem speziellen Ordner. Wenn Sie lieber keine Cookies erhalten m\u00f6chten oder im Voraus dar\u00fcber informiert werden wollen, k\u00f6nnen Sie Ihren Webbrowser entsprechend einstellen. Bitte beachten Sie jedoch, dass Sie ohne diese Funktion den Forumsbereich auf den Websites des Unternehmens nicht einwandfrei nutzen k\u00f6nnen. F\u00fcr weitere Informationen besuchen Sie bitte unsere Seite \u00fcber Cookies.<\/p>\n<p><strong>FREIWILLIGE BEREITSTELLUNG VON DATEN<\/strong><\/p>\n<p>Abgesehen von den Angaben zu den Navigationsdaten steht es dem Nutzer frei, seine personenbezogenen Daten in den Anfrageformularen, bei der Registrierung f\u00fcr den reservierten Bereich oder bei der Kontaktaufnahme anzugeben. Werden sie nicht angegeben, kann dies dazu f\u00fchren, dass die angeforderten Leistungen nicht erbracht werden k\u00f6nnen. Wenn die Einwilligung der betroffenen Person erforderlich ist, wird dies in besonderen Hinweisen ausdr\u00fccklich erw\u00e4hnt, und die betroffene Person wird dar\u00fcber informiert, wie sie eine zuvor erteilte Einwilligung widerrufen kann.<\/p>\n<p><strong>VERARBEITUNGSMETHODEN<\/strong><\/p>\n<p>Personenbezogene Daten werden nur so lange verarbeitet, wie es f\u00fcr die Erf\u00fcllung der vorgesehenen Zwecke unbedingt erforderlich ist, und werden mit Daten verglichen, die sich bereits im Besitz des f\u00fcr die Datenverarbeitung Verantwortlichen befinden, um T\u00e4tigkeiten oder Dienstleistungen auszuf\u00fchren. Im Falle einer Nicht\u00fcbereinstimmung kann sich die zust\u00e4ndige Person mit dem Absender in Verbindung setzen, um die Unversehrtheit der Daten zu \u00fcberpr\u00fcfen oder ihre eventuelle Berichtigung zu veranlassen. Es werden besondere Sicherheitsma\u00dfnahmen ergriffen, um Datenverlust, unrechtm\u00e4\u00dfige oder falsche Verwendung und unbefugten Zugriff zu verhindern.<\/p>\n<h3>WEITERE INFORMATIONEN ZUR VERARBEITUNG<\/h3>\n<p><strong>Gerichtsverhandlung<br \/><\/strong>Die personenbezogenen Daten des Nutzers k\u00f6nnen von dem f\u00fcr die Datenverarbeitung Verantwortlichen zur Verteidigung in Gerichtsverfahren oder in der Vorbereitungsphase solcher Verfahren gegen Missbr\u00e4uche bei der Nutzung derselben oder damit verbundener Dienste durch den Nutzer verwendet werden.<br \/>Der Nutzer erkl\u00e4rt, dass ihm bekannt ist, dass der f\u00fcr die Datenverarbeitung Verantwortliche auf Ersuchen von Beh\u00f6rden zur Offenlegung von Daten verpflichtet sein kann.<\/p>\n<p><strong>Spezifische Informationen<br \/><\/strong>Auf Wunsch des Nutzers kann diese Website dem Nutzer zus\u00e4tzlich zu den in dieser Datenschutzrichtlinie enthaltenen Informationen zus\u00e4tzliche und kontextbezogene Informationen \u00fcber bestimmte Dienstleistungen oder die Erfassung und Verarbeitung personenbezogener Daten zur Verf\u00fcgung stellen.<\/p>\n<p><strong>Systemprotokolle und Wartung<br \/><\/strong>Zu Betriebs- und Wartungszwecken k\u00f6nnen diese Website und die von ihr genutzten Dienste Dritter Systemprotokolle sammeln. Das sind Dateien, in denen Interaktionen aufgezeichnet werden und die auch personenbezogene Daten, wie die IP-Adresse des Nutzers, enthalten k\u00f6nnen.<\/p>\n<p><strong>Aufbewahrungszeitraum<br \/><\/strong>Personenbezogene Daten werden in \u00dcbereinstimmung mit den gesetzlichen Verpflichtungen und so lange gespeichert, wie es f\u00fcr den Zweck der Verarbeitung unbedingt erforderlich ist.<\/p>\n<p><strong>Empf\u00e4nger der Daten<br \/><\/strong>Personenbezogene Daten werden nicht weitergegeben. Andererseits k\u00f6nnen die f\u00fcr den Kauf und die Bestellung von Produkten bereitgestellten personenbezogenen Daten an folgende Instanzen weitergegeben werden:<\/p>\n<ol>\n<li>an Personen, an die eine solche Mitteilung erfolgen muss, um bestimmte, durch Gesetze, Verordnungen und\/oder gemeinschaftliche Rechtsvorschriften vorgesehene Verpflichtungen zu erf\u00fcllen oder deren Erf\u00fcllung zu verlangen<\/li>\n<li>die Unternehmen der Gruppe Gabrielli, die die angeforderten Dienstleistung abwickeln<\/li>\n<li>externe nat\u00fcrliche und\/oder juristische Personen, die Dienstleistungen erbringen, die f\u00fcr die T\u00e4tigkeit des f\u00fcr die Datenverarbeitung Verantwortlichen von Bedeutung sind (z.&nbsp;B. Callcenter, Lieferanten, Berater, Gesellschaften, Einrichtungen, Fachfirmen). Diese Personen handeln als f\u00fcr die Datenverarbeitung Verantwortliche.<\/li>\n<\/ol>\n<p><strong>Nicht in dieser Richtlinie enthaltene Informationen<br \/><\/strong>Weitere Informationen \u00fcber die Verarbeitung personenbezogener Daten k\u00f6nnen jederzeit beim f\u00fcr die Datenverarbeitung Verantwortlichen unter den angegebenen Kontaktdaten angefordert werden.<\/p>\n<p><strong>AUS\u00dcBUNG DER NUTZERRECHTE<\/strong><\/p>\n<p>Die Personen, auf die sich die personenbezogenen Daten beziehen, haben jederzeit das Recht, beim f\u00fcr die Datenverarbeitung Verantwortlichen eine Best\u00e4tigung \u00fcber das Vorhandensein oder Nichtvorhandensein dieser Daten zu erhalten, \u00fcber ihren Inhalt und ihre Herkunft informiert zu werden, ihre Richtigkeit zu \u00fcberpr\u00fcfen oder ihre Erg\u00e4nzung, L\u00f6schung, Aktualisierung, Berichtigung, Umwandlung in anonyme Form oder Sperrung der unter Verletzung des Gesetzes verarbeiteten personenbezogenen Daten zu verlangen sowie in jedem Fall aus berechtigten Gr\u00fcnden ihrer Verarbeitung zu widersprechen. Anfragen sollten an den f\u00fcr die Datenverarbeitung Verantwortlichen gerichtet werden, der unter privacy@varcolor.it zu erreichen ist. Es besteht auch die M\u00f6glichkeit, eine Beschwerde bei der Datenschutzbeh\u00f6rde (www.garanteprivacy.it) einzureichen.<\/p>\n<p>[\/et_pb_text][\/et_pb_column][\/et_pb_row][\/et_pb_section]<\/p>\n","protected":false},"excerpt":{"rendered":"<p>Informationen \u00fcber die Verarbeitung von personenbezogenen DatenF\u00dcR DIE DATENVERARBEITUNG VERANTWORTLICHER Varcolor S.r.l., Via dell\u2019Industria, 22 \u2013 36050 Quinto Vicentino (VI) \u2013 C.F. e P. IVA: IT 02828680245 F\u00dcR DEN SCHUTZ PERSONENBEZOGENER DATEN VERANTWORTLICHER Der f\u00fcr die Datenverarbeitung Verantwortliche hat Anw. Silvia Gorini benannt, die unter folgender E-Mail-Adresse zu erreichen ist: dpo@varcolor.it Im Rahmen der Nutzung [&hellip;]<\/p>\n","protected":false},"author":8,"featured_media":0,"parent":0,"menu_order":0,"comment_status":"closed","ping_status":"closed","template":"","meta":{"_et_pb_use_builder":"on","_et_pb_old_content":"","_et_gb_content_width":"","inline_featured_image":false,"ngg_post_thumbnail":0},"_links":{"self":[{"href":"https:\/\/www.varcolor.it\/de\/wp-json\/wp\/v2\/pages\/338519"}],"collection":[{"href":"https:\/\/www.varcolor.it\/de\/wp-json\/wp\/v2\/pages"}],"about":[{"href":"https:\/\/www.varcolor.it\/de\/wp-json\/wp\/v2\/types\/page"}],"author":[{"embeddable":true,"href":"https:\/\/www.varcolor.it\/de\/wp-json\/wp\/v2\/users\/8"}],"replies":[{"embeddable":true,"href":"https:\/\/www.varcolor.it\/de\/wp-json\/wp\/v2\/comments?post=338519"}],"version-history":[{"count":2,"href":"https:\/\/www.varcolor.it\/de\/wp-json\/wp\/v2\/pages\/338519\/revisions"}],"predecessor-version":[{"id":338523,"href":"https:\/\/www.varcolor.it\/de\/wp-json\/wp\/v2\/pages\/338519\/revisions\/338523"}],"wp:attachment":[{"href":"https:\/\/www.varcolor.it\/de\/wp-json\/wp\/v2\/media?parent=338519"}],"curies":[{"name":"wp","href":"https:\/\/api.w.org\/{rel}","templated":true}]}}