{"id":338728,"date":"2021-09-20T09:05:05","date_gmt":"2021-09-20T07:05:05","guid":{"rendered":"https:\/\/www.varcolor.it\/settore-navale\/"},"modified":"2025-09-22T12:25:21","modified_gmt":"2025-09-22T10:25:21","slug":"bereiche-schifffahrt","status":"publish","type":"page","link":"https:\/\/www.varcolor.it\/de\/bereiche-schifffahrt\/","title":{"rendered":"Bereiche Schifffahrt"},"content":{"rendered":"<p>[et_pb_section fb_built=&#8220;1&#8243; _builder_version=&#8220;4.15&#8243; background_color=&#8220;#e5e5e5&#8243; custom_padding=&#8220;20px||20px||true|false&#8220; da_disable_devices=&#8220;off|off|off&#8220; locked=&#8220;off&#8220; global_colors_info=&#8220;{}&#8220; da_is_popup=&#8220;off&#8220; da_exit_intent=&#8220;off&#8220; da_has_close=&#8220;on&#8220; da_alt_close=&#8220;off&#8220; da_dark_close=&#8220;off&#8220; da_not_modal=&#8220;on&#8220; da_is_singular=&#8220;off&#8220; da_with_loader=&#8220;off&#8220; da_has_shadow=&#8220;on&#8220;][et_pb_row _builder_version=&#8220;4.15&#8243; custom_margin=&#8220;0px||0px||true|false&#8220; custom_padding=&#8220;10px||10px||true|false&#8220; global_colors_info=&#8220;{}&#8220;][et_pb_column type=&#8220;4_4&#8243; _builder_version=&#8220;4.15&#8243; global_colors_info=&#8220;{}&#8220;][et_pb_text _builder_version=&#8220;4.15.1&#8243; text_font=&#8220;||||||||&#8220; header_font=&#8220;|||on|||||&#8220; header_text_color=&#8220;#202448&#8243; header_font_size=&#8220;40px&#8220; header_line_height=&#8220;1.3em&#8220; header_2_font_size=&#8220;24px&#8220; header_2_line_height=&#8220;1.3em&#8220; text_orientation=&#8220;center&#8220; background_layout=&#8220;dark&#8220; global_colors_info=&#8220;{}&#8220;]<\/p>\n<h1>Anwendungen in der Schifffahrt<\/h1>\n<p>[\/et_pb_text][\/et_pb_column][\/et_pb_row][\/et_pb_section][et_pb_section fb_built=&#8220;1&#8243; _builder_version=&#8220;4.15.1&#8243; custom_margin=&#8220;||60px||false|false&#8220; da_disable_devices=&#8220;off|off|off&#8220; global_colors_info=&#8220;{}&#8220; da_is_popup=&#8220;off&#8220; da_exit_intent=&#8220;off&#8220; da_has_close=&#8220;on&#8220; da_alt_close=&#8220;off&#8220; da_dark_close=&#8220;off&#8220; da_not_modal=&#8220;on&#8220; da_is_singular=&#8220;off&#8220; da_with_loader=&#8220;off&#8220; da_has_shadow=&#8220;on&#8220;][et_pb_row column_structure=&#8220;1_2,1_2&#8243; _builder_version=&#8220;4.15&#8243; global_colors_info=&#8220;{}&#8220;][et_pb_column type=&#8220;1_2&#8243; _builder_version=&#8220;4.15&#8243; global_colors_info=&#8220;{}&#8220;][et_pb_image src=&#8220;https:\/\/www.varcolor.it\/wp-content\/uploads\/sites\/16\/2021\/07\/navale-600&#215;356.jpg&#8220; title_text=&#8220;navale&#8220; _builder_version=&#8220;4.15.1&#8243; global_colors_info=&#8220;{}&#8220;][\/et_pb_image][\/et_pb_column][et_pb_column type=&#8220;1_2&#8243; _builder_version=&#8220;4.15&#8243; global_colors_info=&#8220;{}&#8220;][et_pb_text _builder_version=&#8220;4.15.1&#8243; global_colors_info=&#8220;{}&#8220;]<\/p>\n<p>Im Bereich SCHIFFFAHRT gibt es viele bekannte Normen. VARCOLOR verfolgt deshalb als oberstes Ziel, die Einhaltung dieser Normen zu gew\u00e4hrleisten. Wir bieten der Branche vom Entwurf bis zur Produktion eine breite Palette von Produkten, Farben und dekorativen Ausf\u00fchrungen an.<\/p>\n<p>Unsere Forschungs- und Entwicklungsabteilung hat eine organische Mehrfilmbeschichtung mit hervorragenden technischen Eigenschaften entwickelt.<\/p>\n<p>Doch Varcolor geht noch weiter, denn es war das erste Unternehmen in der Branche f\u00fcr vorbeschichteten Stahl, das eine gepr\u00e4gter Oberfl\u00e4che entwickelte, die das Produkt einzigartig macht. Wir erg\u00e4nzen unser Angebot mit&nbsp;<span class=\"varprod\"><sub>VAR<\/sub>pvc<\/span>, wobei wir zertifizierte und im Schifffahrtssektor anerkannte Folien verwenden, sowie mit <span class=\"varprod\"><sub>VAR<\/sub>ver<\/span> in minimalen und individuell gestaltbaren Chargen und schlie\u00dflich mit <span class=\"varprod\"><sub>VAR<\/sub>pet<\/span>.<\/p>\n<p>[\/et_pb_text][et_pb_button button_url=&#8220;https:\/\/www.varcolor.it\/wp-content\/uploads\/sites\/16\/2022\/06\/VAR-Cat-Navale-2022.pdf&#8220; url_new_window=&#8220;on&#8220; button_text=&#8220;Brosch\u00fcre herunterladen&#8220; button_alignment=&#8220;right&#8220; _builder_version=&#8220;4.15.1&#8243; custom_button=&#8220;on&#8220; button_text_color=&#8220;#202448&#8243; button_bg_color=&#8220;#ffffff&#8220; button_border_color=&#8220;#202448&#8243; button_font=&#8220;|||on|||||&#8220; locked=&#8220;off&#8220; global_colors_info=&#8220;{}&#8220; button_text_color__hover_enabled=&#8220;on|hover&#8220; button_text_color__hover=&#8220;#ffffff&#8220; button_bg_color__hover_enabled=&#8220;on|hover&#8220; button_bg_color__hover=&#8220;#202448&#8243; button_bg_enable_color__hover=&#8220;on&#8220; button_border_radius__hover_enabled=&#8220;on|hover&#8220; button_border_radius__hover=&#8220;3px&#8220;][\/et_pb_button][\/et_pb_column][\/et_pb_row][et_pb_row column_structure=&#8220;1_4,3_4&#8243; make_equal=&#8220;on&#8220; disabled_on=&#8220;on|on|off&#8220; _builder_version=&#8220;4.15.1&#8243; _module_preset=&#8220;default&#8220; global_colors_info=&#8220;{}&#8220;][et_pb_column type=&#8220;1_4&#8243; _builder_version=&#8220;4.15.1&#8243; _module_preset=&#8220;default&#8220; global_colors_info=&#8220;{}&#8220;][et_pb_image src=&#8220;https:\/\/www.varcolor.it\/wp-content\/uploads\/sites\/16\/2022\/05\/med.jpeg&#8220; title_text=&#8220;MED certified Rina 0474&#8243; align_tablet=&#8220;center&#8220; align_phone=&#8220;center&#8220; align_last_edited=&#8220;on|tablet&#8220; _builder_version=&#8220;4.15.1&#8243; _module_preset=&#8220;default&#8220; positioning=&#8220;absolute&#8220; position_origin_a=&#8220;center_left&#8220; position_origin_a_tablet=&#8220;center_left&#8220; position_origin_a_phone=&#8220;center_left&#8220; position_origin_a_last_edited=&#8220;on|desktop&#8220; position_origin_f_tablet=&#8220;&#8220; position_origin_f_phone=&#8220;&#8220; position_origin_f_last_edited=&#8220;on|desktop&#8220; position_origin_r_tablet=&#8220;&#8220; position_origin_r_phone=&#8220;&#8220; position_origin_r_last_edited=&#8220;on|desktop&#8220; width=&#8220;100%&#8220; positioning_tablet=&#8220;none&#8220; positioning_phone=&#8220;none&#8220; positioning_last_edited=&#8220;on|phone&#8220; global_colors_info=&#8220;{}&#8220;][\/et_pb_image][\/et_pb_column][et_pb_column type=&#8220;3_4&#8243; _builder_version=&#8220;4.15.1&#8243; _module_preset=&#8220;default&#8220; global_colors_info=&#8220;{}&#8220;][et_pb_image src=&#8220;https:\/\/www.varcolor.it\/wp-content\/uploads\/sites\/16\/2023\/08\/foto-navale-de.jpg&#8220; title_text=&#8220;Schifffahrt&#8220; _builder_version=&#8220;4.15.1&#8243; _module_preset=&#8220;default&#8220; global_colors_info=&#8220;{}&#8220;][\/et_pb_image][\/et_pb_column][\/et_pb_row][et_pb_row column_structure=&#8220;1_3,1_3,1_3&#8243; make_equal=&#8220;on&#8220; disabled_on=&#8220;off|off|on&#8220; _builder_version=&#8220;4.15.1&#8243; _module_preset=&#8220;default&#8220; global_colors_info=&#8220;{}&#8220;][et_pb_column type=&#8220;1_3&#8243; _builder_version=&#8220;4.15.1&#8243; _module_preset=&#8220;default&#8220; global_colors_info=&#8220;{}&#8220;][et_pb_image src=&#8220;https:\/\/www.varcolor.it\/wp-content\/uploads\/sites\/16\/2022\/05\/med.jpeg&#8220; title_text=&#8220;MED certified Rina 0474&#8243; align_tablet=&#8220;center&#8220; align_phone=&#8220;center&#8220; align_last_edited=&#8220;on|tablet&#8220; _builder_version=&#8220;4.15.1&#8243; _module_preset=&#8220;default&#8220; position_origin_a=&#8220;center_left&#8220; position_origin_a_tablet=&#8220;center_left&#8220; position_origin_a_phone=&#8220;center_left&#8220; position_origin_a_last_edited=&#8220;on|desktop&#8220; position_origin_f_tablet=&#8220;&#8220; position_origin_f_phone=&#8220;&#8220; position_origin_f_last_edited=&#8220;on|desktop&#8220; position_origin_r_tablet=&#8220;&#8220; position_origin_r_phone=&#8220;&#8220; position_origin_r_last_edited=&#8220;on|desktop&#8220; width=&#8220;100%&#8220; positioning_tablet=&#8220;none&#8220; positioning_phone=&#8220;none&#8220; positioning_last_edited=&#8220;on|phone&#8220; global_colors_info=&#8220;{}&#8220;][\/et_pb_image][\/et_pb_column][et_pb_column type=&#8220;1_3&#8243; _builder_version=&#8220;4.15.1&#8243; _module_preset=&#8220;default&#8220; custom_padding=&#8220;||0px||false|false&#8220; custom_css_main_element=&#8220;margin-bottom: 0;&#8220; global_colors_info=&#8220;{}&#8220;][et_pb_image src=&#8220;https:\/\/www.varcolor.it\/wp-content\/uploads\/sites\/16\/2023\/08\/foto-navale-de-mb.jpg&#8220; title_text=&#8220;Schifffahrt&#8220; show_bottom_space=&#8220;off&#8220; _builder_version=&#8220;4.15.1&#8243; _module_preset=&#8220;default&#8220; custom_margin=&#8220;0px|0px|0px|0px|true|true&#8220; custom_padding=&#8220;0px|0px|0px|0px|true|true&#8220; global_colors_info=&#8220;{}&#8220;][\/et_pb_image][\/et_pb_column][et_pb_column type=&#8220;1_3&#8243; _builder_version=&#8220;4.15.1&#8243; _module_preset=&#8220;default&#8220; custom_padding=&#8220;0px||||false|false&#8220; global_colors_info=&#8220;{}&#8220;][et_pb_image src=&#8220;https:\/\/www.varcolor.it\/wp-content\/uploads\/sites\/16\/2022\/05\/foto-navale-02.jpg&#8220; title_text=&#8220;foto-navale-02&#8243; show_bottom_space=&#8220;off&#8220; _builder_version=&#8220;4.15.1&#8243; _module_preset=&#8220;default&#8220; custom_margin=&#8220;0px|0px|0px|0px|true|true&#8220; custom_padding=&#8220;0px|0px|0px|0px|true|true&#8220; global_colors_info=&#8220;{}&#8220;][\/et_pb_image][\/et_pb_column][\/et_pb_row][\/et_pb_section][et_pb_section fb_built=&#8220;1&#8243; _builder_version=&#8220;4.15&#8243; background_color=&#8220;#f2f2f2&#8243; da_disable_devices=&#8220;off|off|off&#8220; locked=&#8220;off&#8220; global_colors_info=&#8220;{}&#8220; da_is_popup=&#8220;off&#8220; da_exit_intent=&#8220;off&#8220; da_has_close=&#8220;on&#8220; da_alt_close=&#8220;off&#8220; da_dark_close=&#8220;off&#8220; da_not_modal=&#8220;on&#8220; da_is_singular=&#8220;off&#8220; da_with_loader=&#8220;off&#8220; da_has_shadow=&#8220;on&#8220;][et_pb_row _builder_version=&#8220;4.15&#8243; custom_padding=&#8220;0px||||false|false&#8220; global_colors_info=&#8220;{}&#8220;][et_pb_column type=&#8220;4_4&#8243; _builder_version=&#8220;4.15&#8243; global_colors_info=&#8220;{}&#8220;][et_pb_text _builder_version=&#8220;4.15.1&#8243; header_3_font=&#8220;|600||on|||||&#8220; header_3_text_align=&#8220;center&#8220; global_colors_info=&#8220;{}&#8220;]<\/p>\n<h3>Produktfamilien zur Anwendung<\/h3>\n<p>[\/et_pb_text][\/et_pb_column][\/et_pb_row][et_pb_row column_structure=&#8220;1_5,1_5,1_5,1_5,1_5&#8243; use_custom_gutter=&#8220;on&#8220; gutter_width=&#8220;2&#8243; make_equal=&#8220;on&#8220; _builder_version=&#8220;4.15.1&#8243; width=&#8220;90%&#8220; max_width=&#8220;2560px&#8220; custom_margin=&#8220;0px||0px||true|false&#8220; custom_padding=&#8220;0px||0px||true|false&#8220; global_colors_info=&#8220;{}&#8220;][et_pb_column type=&#8220;1_5&#8243; _builder_version=&#8220;4.15.1&#8243; _module_preset=&#8220;default&#8220; global_colors_info=&#8220;{}&#8220;][et_pb_text module_class=&#8220;box-link-footer&#8220; _builder_version=&#8220;4.15.1&#8243; _dynamic_attributes=&#8220;link_option_url&#8220; text_text_color=&#8220;#202448&#8243; text_font_size=&#8220;13px&#8220; text_line_height=&#8220;1.3em&#8220; header_3_font=&#8220;|700|||||||&#8220; header_3_text_color=&#8220;#FFD404&#8243; background_color=&#8220;#ffffff&#8220; text_orientation=&#8220;center&#8220; custom_padding=&#8220;20px|20px|20px|20px|true|true&#8220; link_option_url=&#8220;@ET-DC@eyJkeW5hbWljIjp0cnVlLCJjb250ZW50IjoicG9zdF9saW5rX3VybF9wYWdlIiwic2V0dGluZ3MiOnsicG9zdF9pZCI6IjMzNTA3OCJ9fQ==@&#8220; custom_css_main_element=&#8220;height: 100%;&#8220; border_radii=&#8220;on|5px|5px|5px|5px&#8220; locked=&#8220;off&#8220; global_colors_info=&#8220;{}&#8220; background__hover_enabled=&#8220;on|desktop&#8220; background_color__hover=&#8220;#FFD404&#8243; background_enable_color__hover=&#8220;on&#8220; header_3_text_color__hover_enabled=&#8220;on|hover&#8220; header_3_text_color__hover=&#8220;#ffffff&#8220; text_text_color__hover_enabled=&#8220;on|hover&#8220; text_text_color__hover=&#8220;#ffffff&#8220;]<\/p>\n<h3>VAR<span class=\"var-product\">pet<\/span><\/h3>\n<p>Mit PET-Folie <br \/>beschichtete Metallbasis<\/p>\n<p>[\/et_pb_text][\/et_pb_column][et_pb_column type=&#8220;1_5&#8243; _builder_version=&#8220;4.15&#8243; global_colors_info=&#8220;{}&#8220;][et_pb_text module_class=&#8220;box-link-footer&#8220; _builder_version=&#8220;4.15.1&#8243; _dynamic_attributes=&#8220;link_option_url&#8220; text_text_color=&#8220;#202448&#8243; text_font_size=&#8220;13px&#8220; text_line_height=&#8220;1.3em&#8220; header_3_font=&#8220;|700|||||||&#8220; header_3_text_color=&#8220;#ef8219&#8243; background_color=&#8220;#ffffff&#8220; text_orientation=&#8220;center&#8220; custom_padding=&#8220;20px|20px|20px|20px|true|true&#8220; link_option_url=&#8220;@ET-DC@eyJkeW5hbWljIjp0cnVlLCJjb250ZW50IjoicG9zdF9saW5rX3VybF9wYWdlIiwic2V0dGluZ3MiOnsicG9zdF9pZCI6IjEwNSJ9fQ==@&#8220; custom_css_main_element=&#8220;height: 100%;&#8220; border_radii=&#8220;on|5px|5px|5px|5px&#8220; global_colors_info=&#8220;{}&#8220; background__hover_enabled=&#8220;on|hover&#8220; background_color__hover=&#8220;#EF8219&#8243; background_enable_color__hover=&#8220;on&#8220; header_3_text_color__hover_enabled=&#8220;on|hover&#8220; header_3_text_color__hover=&#8220;#ffffff&#8220; text_text_color__hover_enabled=&#8220;on|hover&#8220; text_text_color__hover=&#8220;#ffffff&#8220; custom_css_main_element__hover_enabled=&#8220;on|hover&#8220; custom_css_main_element__hover=&#8220;height: 100%;&#8220;]<\/p>\n<h3>VAR<span class=\"var-product\">pvc<\/span><\/h3>\n<p>Mit PVC-Folie <br \/>beschichtete Metallbasis<\/p>\n<p>[\/et_pb_text][\/et_pb_column][et_pb_column type=&#8220;1_5&#8243; _builder_version=&#8220;4.15&#8243; global_colors_info=&#8220;{}&#8220;][et_pb_text module_class=&#8220;box-link-footer&#8220; _builder_version=&#8220;4.15.1&#8243; _dynamic_attributes=&#8220;link_option_url&#8220; text_text_color=&#8220;#202448&#8243; text_font_size=&#8220;13px&#8220; text_line_height=&#8220;1.3em&#8220; header_3_font=&#8220;|700|||||||&#8220; header_3_text_color=&#8220;#D4B061&#8243; background_color=&#8220;#ffffff&#8220; text_orientation=&#8220;center&#8220; custom_padding=&#8220;20px|20px|20px|20px|true|true&#8220; link_option_url=&#8220;@ET-DC@eyJkeW5hbWljIjp0cnVlLCJjb250ZW50IjoicG9zdF9saW5rX3VybF9wYWdlIiwic2V0dGluZ3MiOnsicG9zdF9pZCI6IjM0MjU3OCJ9fQ==@&#8220; hover_enabled=&#8220;0&#8243; custom_css_main_element=&#8220;height: 100%;&#8220; border_radii=&#8220;on|5px|5px|5px|5px&#8220; global_colors_info=&#8220;{}&#8220; background_color__hover=&#8220;#D4B061&#8243; background_enable_color__hover=&#8220;on&#8220; header_3_text_color__hover_enabled=&#8220;on|hover&#8220; header_3_text_color__hover=&#8220;#ffffff&#8220; text_text_color__hover_enabled=&#8220;on|hover&#8220; text_text_color__hover=&#8220;#ffffff&#8220; background__hover_enabled=&#8220;on|desktop&#8220; sticky_enabled=&#8220;0&#8243;]<\/p>\n<h3>VAR<span class=\"var-product\">HD<sup>+<\/sup><\/span><\/h3>\n<p>Mit Super-Polyester-Farbe<br \/>beschichtete Metallbasis<\/p>\n<p>[\/et_pb_text][\/et_pb_column][et_pb_column type=&#8220;1_5&#8243; _builder_version=&#8220;4.15&#8243; global_colors_info=&#8220;{}&#8220;][et_pb_text module_class=&#8220;box-link-footer&#8220; _builder_version=&#8220;4.15.1&#8243; _dynamic_attributes=&#8220;link_option_url&#8220; text_text_color=&#8220;#202448&#8243; text_font_size=&#8220;13px&#8220; text_line_height=&#8220;1.3em&#8220; header_3_font=&#8220;|700|||||||&#8220; header_3_text_color=&#8220;#CF1316&#8243; background_color=&#8220;#ffffff&#8220; text_orientation=&#8220;center&#8220; custom_padding=&#8220;20px|20px|20px|20px|true|true&#8220; link_option_url=&#8220;@ET-DC@eyJkeW5hbWljIjp0cnVlLCJjb250ZW50IjoicG9zdF9saW5rX3VybF9wYWdlIiwic2V0dGluZ3MiOnsicG9zdF9pZCI6IjMzNTA3MCJ9fQ==@&#8220; custom_css_main_element=&#8220;height: 100%;&#8220; border_radii=&#8220;on|5px|5px|5px|5px&#8220; global_colors_info=&#8220;{}&#8220; background__hover_enabled=&#8220;on|hover&#8220; background_color__hover=&#8220;#CF1316&#8243; background_enable_color__hover=&#8220;on&#8220; header_3_text_color__hover_enabled=&#8220;on|hover&#8220; header_3_text_color__hover=&#8220;#ffffff&#8220; text_text_color__hover_enabled=&#8220;on|hover&#8220; text_text_color__hover=&#8220;#ffffff&#8220;]<\/p>\n<h3>VAR<span class=\"var-product\">ver<\/span><\/h3>\n<p>Mit Lack <br \/>beschichtete Metallbasis<\/p>\n<p>[\/et_pb_text][\/et_pb_column][et_pb_column type=&#8220;1_5&#8243; _builder_version=&#8220;4.15&#8243; global_colors_info=&#8220;{}&#8220;][et_pb_text module_class=&#8220;box-link-footer&#8220; _builder_version=&#8220;4.15.1&#8243; _dynamic_attributes=&#8220;link_option_url&#8220; text_text_color=&#8220;#202448&#8243; text_font_size=&#8220;13px&#8220; text_line_height=&#8220;1.3em&#8220; header_3_font=&#8220;|700|||||||&#8220; header_3_text_color=&#8220;#BFCDD2&#8243; background_color=&#8220;#ffffff&#8220; text_orientation=&#8220;center&#8220; custom_padding=&#8220;20px|20px|20px|20px|true|true&#8220; link_option_url=&#8220;@ET-DC@eyJkeW5hbWljIjp0cnVlLCJjb250ZW50IjoicG9zdF9saW5rX3VybF9wYWdlIiwic2V0dGluZ3MiOnsicG9zdF9pZCI6IjMzNTA4NiJ9fQ==@&#8220; custom_css_main_element=&#8220;height: 100%;&#8220; border_radii=&#8220;on|5px|5px|5px|5px&#8220; global_colors_info=&#8220;{}&#8220; background__hover_enabled=&#8220;on|desktop&#8220; background_color__hover=&#8220;#BFCDD2&#8243; background_enable_color__hover=&#8220;on&#8220; header_3_text_color__hover_enabled=&#8220;on|hover&#8220; header_3_text_color__hover=&#8220;#ffffff&#8220; text_text_color__hover_enabled=&#8220;on|hover&#8220; text_text_color__hover=&#8220;#ffffff&#8220;]<\/p>\n<h3>VAR<span class=\"var-product\">inox<\/span><\/h3>\n<p>Spezielle Beschichtungen <br \/>aus rostfreiem Stahl<\/p>\n<p>[\/et_pb_text][\/et_pb_column][\/et_pb_row][et_pb_row _builder_version=&#8220;4.15.1&#8243; _module_preset=&#8220;default&#8220; locked=&#8220;off&#8220; global_colors_info=&#8220;{}&#8220;][et_pb_column type=&#8220;4_4&#8243; _builder_version=&#8220;4.15.1&#8243; _module_preset=&#8220;default&#8220; global_colors_info=&#8220;{}&#8220;][et_pb_image src=&#8220;https:\/\/www.varcolor.it\/wp-content\/uploads\/sites\/16\/2023\/04\/navale-DE.png&#8220; title_text=&#8220;Anwendungen in der Schifffahrt&#8220; align=&#8220;center&#8220; admin_label=&#8220;Immagine&#8220; _builder_version=&#8220;4.15.1&#8243; _module_preset=&#8220;default&#8220; width=&#8220;850px&#8220; max_width=&#8220;100%&#8220; custom_margin=&#8220;30px||||false|false&#8220; global_colors_info=&#8220;{}&#8220;][\/et_pb_image][\/et_pb_column][\/et_pb_row][\/et_pb_section][et_pb_section fb_built=&#8220;1&#8243; _builder_version=&#8220;4.15&#8243; custom_margin=&#8220;0px|0px|0px|0px|true|true&#8220; custom_padding=&#8220;0px|0px|0px|0px|true|true&#8220; da_disable_devices=&#8220;off|off|off&#8220; locked=&#8220;off&#8220; global_colors_info=&#8220;{}&#8220; da_is_popup=&#8220;off&#8220; da_exit_intent=&#8220;off&#8220; da_has_close=&#8220;on&#8220; da_alt_close=&#8220;off&#8220; da_dark_close=&#8220;off&#8220; da_not_modal=&#8220;on&#8220; da_is_singular=&#8220;off&#8220; da_with_loader=&#8220;off&#8220; da_has_shadow=&#8220;on&#8220;][et_pb_row column_structure=&#8220;1_6,1_6,1_6,1_6,1_6,1_6&#8243; use_custom_gutter=&#8220;on&#8220; gutter_width=&#8220;1&#8243; _builder_version=&#8220;4.15&#8243; width=&#8220;100%&#8220; max_width=&#8220;2560px&#8220; custom_margin=&#8220;0px|0px|0px|0px|true|true&#8220; custom_padding=&#8220;0px|0px|0px|0px|true|true&#8220; global_colors_info=&#8220;{}&#8220;][et_pb_column type=&#8220;1_6&#8243; _builder_version=&#8220;4.15&#8243; global_colors_info=&#8220;{}&#8220;][et_pb_image src=&#8220;https:\/\/www.varcolor.it\/wp-content\/uploads\/sites\/16\/2021\/09\/box-navale-01.jpg&#8220; title_text=&#8220;box-navale-01&#8243; show_bottom_space=&#8220;off&#8220; _builder_version=&#8220;4.15&#8243; global_colors_info=&#8220;{}&#8220;][\/et_pb_image][\/et_pb_column][et_pb_column type=&#8220;1_6&#8243; _builder_version=&#8220;4.15&#8243; global_colors_info=&#8220;{}&#8220;][et_pb_image src=&#8220;https:\/\/www.varcolor.it\/wp-content\/uploads\/sites\/16\/2021\/09\/box-navale-02.jpg&#8220; title_text=&#8220;box-navale-02&#8243; show_bottom_space=&#8220;off&#8220; _builder_version=&#8220;4.15&#8243; global_colors_info=&#8220;{}&#8220;][\/et_pb_image][\/et_pb_column][et_pb_column type=&#8220;1_6&#8243; _builder_version=&#8220;4.15&#8243; global_colors_info=&#8220;{}&#8220;][et_pb_image src=&#8220;https:\/\/www.varcolor.it\/wp-content\/uploads\/sites\/16\/2021\/09\/box-navale-03.jpg&#8220; title_text=&#8220;box-navale-03&#8243; show_bottom_space=&#8220;off&#8220; _builder_version=&#8220;4.15&#8243; global_colors_info=&#8220;{}&#8220;][\/et_pb_image][\/et_pb_column][et_pb_column type=&#8220;1_6&#8243; _builder_version=&#8220;4.15&#8243; global_colors_info=&#8220;{}&#8220;][et_pb_image src=&#8220;https:\/\/www.varcolor.it\/wp-content\/uploads\/sites\/16\/2021\/09\/box-navale-05.jpg&#8220; title_text=&#8220;box-navale-05&#8243; show_bottom_space=&#8220;off&#8220; _builder_version=&#8220;4.15&#8243; global_colors_info=&#8220;{}&#8220;][\/et_pb_image][\/et_pb_column][et_pb_column type=&#8220;1_6&#8243; _builder_version=&#8220;4.15&#8243; global_colors_info=&#8220;{}&#8220;][et_pb_image src=&#8220;https:\/\/www.varcolor.it\/wp-content\/uploads\/sites\/16\/2021\/09\/box-navale-04.jpg&#8220; title_text=&#8220;box-navale-04&#8243; show_bottom_space=&#8220;off&#8220; _builder_version=&#8220;4.15&#8243; global_colors_info=&#8220;{}&#8220;][\/et_pb_image][\/et_pb_column][et_pb_column type=&#8220;1_6&#8243; _builder_version=&#8220;4.15&#8243; global_colors_info=&#8220;{}&#8220;][et_pb_image src=&#8220;https:\/\/www.varcolor.it\/wp-content\/uploads\/sites\/16\/2021\/09\/box-navale-06.jpg&#8220; title_text=&#8220;box-navale-06&#8243; show_bottom_space=&#8220;off&#8220; _builder_version=&#8220;4.15&#8243; global_colors_info=&#8220;{}&#8220;][\/et_pb_image][\/et_pb_column][\/et_pb_row][\/et_pb_section]<\/p>\n","protected":false},"excerpt":{"rendered":"<p>Anwendungen in der SchifffahrtIm Bereich SCHIFFFAHRT gibt es viele bekannte Normen. VARCOLOR verfolgt deshalb als oberstes Ziel, die Einhaltung dieser Normen zu gew\u00e4hrleisten. Wir bieten der Branche vom Entwurf bis zur Produktion eine breite Palette von Produkten, Farben und dekorativen Ausf\u00fchrungen an. Unsere Forschungs- und Entwicklungsabteilung hat eine organische Mehrfilmbeschichtung mit hervorragenden technischen Eigenschaften entwickelt. [&hellip;]<\/p>\n","protected":false},"author":3,"featured_media":0,"parent":0,"menu_order":0,"comment_status":"closed","ping_status":"closed","template":"","meta":{"_et_pb_use_builder":"on","_et_pb_old_content":"","_et_gb_content_width":"","inline_featured_image":false,"ngg_post_thumbnail":0},"_links":{"self":[{"href":"https:\/\/www.varcolor.it\/de\/wp-json\/wp\/v2\/pages\/338728"}],"collection":[{"href":"https:\/\/www.varcolor.it\/de\/wp-json\/wp\/v2\/pages"}],"about":[{"href":"https:\/\/www.varcolor.it\/de\/wp-json\/wp\/v2\/types\/page"}],"author":[{"embeddable":true,"href":"https:\/\/www.varcolor.it\/de\/wp-json\/wp\/v2\/users\/3"}],"replies":[{"embeddable":true,"href":"https:\/\/www.varcolor.it\/de\/wp-json\/wp\/v2\/comments?post=338728"}],"version-history":[{"count":3,"href":"https:\/\/www.varcolor.it\/de\/wp-json\/wp\/v2\/pages\/338728\/revisions"}],"predecessor-version":[{"id":342809,"href":"https:\/\/www.varcolor.it\/de\/wp-json\/wp\/v2\/pages\/338728\/revisions\/342809"}],"wp:attachment":[{"href":"https:\/\/www.varcolor.it\/de\/wp-json\/wp\/v2\/media?parent=338728"}],"curies":[{"name":"wp","href":"https:\/\/api.w.org\/{rel}","templated":true}]}}