{"id":339813,"date":"2021-07-28T17:57:53","date_gmt":"2021-07-28T15:57:53","guid":{"rendered":"https:\/\/www.varcolor.it\/news\/"},"modified":"2026-03-04T10:28:39","modified_gmt":"2026-03-04T09:28:39","slug":"news","status":"publish","type":"page","link":"https:\/\/www.varcolor.it\/de\/news\/","title":{"rendered":"News"},"content":{"rendered":"<p>[et_pb_section fb_built=&#8220;1&#8243; _builder_version=&#8220;4.15&#8243; background_color=&#8220;#f2f2f2&#8243; da_disable_devices=&#8220;off|off|off&#8220; global_colors_info=&#8220;{}&#8220; da_is_popup=&#8220;off&#8220; da_exit_intent=&#8220;off&#8220; da_has_close=&#8220;on&#8220; da_alt_close=&#8220;off&#8220; da_dark_close=&#8220;off&#8220; da_not_modal=&#8220;on&#8220; da_is_singular=&#8220;off&#8220; da_with_loader=&#8220;off&#8220; da_has_shadow=&#8220;on&#8220;][et_pb_row _builder_version=&#8220;4.15&#8243; global_colors_info=&#8220;{}&#8220;][et_pb_column type=&#8220;4_4&#8243; _builder_version=&#8220;4.15&#8243; global_colors_info=&#8220;{}&#8220;][et_pb_text admin_label=&#8220;  News aus dem Unternehmen&#8220; _builder_version=&#8220;4.15.1&#8243; _module_preset=&#8220;default&#8220; header_3_font=&#8220;|600||on|||||&#8220; header_3_text_align=&#8220;center&#8220; header_3_font_size=&#8220;26px&#8220; global_colors_info=&#8220;{}&#8220;]<\/p>\n<h3>News aus dem Unternehmen<\/h3>\n<p>[\/et_pb_text][et_pb_blog fullwidth=&#8220;off&#8220; posts_number=&#8220;100&#8243; include_categories=&#8220;18,28&#8243; meta_date=&#8220;j F Y&#8220; show_more=&#8220;on&#8220; show_author=&#8220;off&#8220; show_categories=&#8220;off&#8220; module_id=&#8220;gridcard&#8220; module_class=&#8220;lista-news&#8220; _builder_version=&#8220;4.15.1&#8243; header_level=&#8220;h3&#8243; header_font=&#8220;|700|||||||&#8220; body_font_size=&#8220;12px&#8220; body_line_height=&#8220;1.3em&#8220; meta_font=&#8220;||||||||&#8220; meta_font_size=&#8220;12px&#8220; read_more_font=&#8220;||||||||&#8220; read_more_text_color=&#8220;#202448&#8243; read_more_font_size=&#8220;12px&#8220; hover_enabled=&#8220;0&#8243; custom_css_content=&#8220;font-size: 13px !important;||line-height: 1.4 !important;&#8220; custom_css_read_more=&#8220;float: right;||margin-top: 10px;&#8220; border_width_all=&#8220;0px&#8220; global_colors_info=&#8220;{}&#8220; read_more_text_color__hover_enabled=&#8220;on|hover&#8220; read_more_text_color__hover=&#8220;#5bc5f2&#8243; sticky_enabled=&#8220;0&#8243;][\/et_pb_blog][et_pb_text admin_label=&#8220;Messen und Veranstaltungen&#8220; _builder_version=&#8220;4.15.1&#8243; _module_preset=&#8220;default&#8220; header_3_font=&#8220;|600||on|||||&#8220; header_3_text_align=&#8220;center&#8220; header_3_font_size=&#8220;26px&#8220; global_colors_info=&#8220;{}&#8220;]<\/p>\n<h3>Messen und Veranstaltungen<\/h3>\n<p>[\/et_pb_text][et_pb_blog fullwidth=&#8220;off&#8220; posts_number=&#8220;100&#8243; include_categories=&#8220;19&#8243; meta_date=&#8220;j F Y&#8220; show_author=&#8220;off&#8220; show_categories=&#8220;off&#8220; module_id=&#8220;gridcard2&#8243; module_class=&#8220;lista-fiere&#8220; _builder_version=&#8220;4.15.1&#8243; header_level=&#8220;h3&#8243; header_font=&#8220;|700|||||||&#8220; header_text_color=&#8220;gcid-72ebdaf4-015a-41d3-ad5c-7d5af817e141&#8243; body_font_size=&#8220;12px&#8220; body_line_height=&#8220;1.3em&#8220; meta_font=&#8220;||||||||&#8220; meta_font_size=&#8220;12px&#8220; read_more_font=&#8220;||||||||&#8220; read_more_text_color=&#8220;#202448&#8243; read_more_font_size=&#8220;12px&#8220; custom_css_main_element=&#8220;cursor: default !important;&#8220; custom_css_title=&#8220;cursor: default !important;&#8220; custom_css_content=&#8220;font-size: 13px !important;||line-height: 1.4 !important;&#8220; custom_css_featured_image=&#8220;cursor: default !important;&#8220; custom_css_read_more=&#8220;float: right;||margin-top: 10px;&#8220; border_width_all=&#8220;0px&#8220; global_colors_info=&#8220;{%22gcid-72ebdaf4-015a-41d3-ad5c-7d5af817e141%22:%91%22header_text_color%22,%22header_text_color__hover%22%93}&#8220; read_more_text_color__hover_enabled=&#8220;on|hover&#8220; read_more_text_color__hover=&#8220;#5bc5f2&#8243; header_text_color__hover_enabled=&#8220;on|hover&#8220; header_text_color__hover=&#8220;#202448&#8243; custom_css_title__hover_enabled=&#8220;on|hover&#8220; custom_css_title__hover=&#8220;cursor: default !important;&#8220;][\/et_pb_blog][\/et_pb_column][\/et_pb_row][\/et_pb_section]<\/p>\n","protected":false},"excerpt":{"rendered":"<p>NEUES FINISH F\u00dcR HD+: AKTUALISIERTER ONLINE-KATALOG Varcolor stellt mit Stolz den neuen 111-GR226J vor, ein vollst\u00e4ndig vorlackiertes, gl\u00e4nzendes Produkt, das f\u00fcr den Einsatz in zahlreichen Bereichen wie Haushaltsger\u00e4te, Aufz\u00fcge, Au\u00dfenbau, Schiffbau und vieles mehr konzipiert und entwickelt wurde.<\/p>\n","protected":false},"author":3,"featured_media":0,"parent":0,"menu_order":0,"comment_status":"closed","ping_status":"closed","template":"","meta":{"_et_pb_use_builder":"on","_et_pb_old_content":"","_et_gb_content_width":"","inline_featured_image":false,"ngg_post_thumbnail":0},"_links":{"self":[{"href":"https:\/\/www.varcolor.it\/de\/wp-json\/wp\/v2\/pages\/339813"}],"collection":[{"href":"https:\/\/www.varcolor.it\/de\/wp-json\/wp\/v2\/pages"}],"about":[{"href":"https:\/\/www.varcolor.it\/de\/wp-json\/wp\/v2\/types\/page"}],"author":[{"embeddable":true,"href":"https:\/\/www.varcolor.it\/de\/wp-json\/wp\/v2\/users\/3"}],"replies":[{"embeddable":true,"href":"https:\/\/www.varcolor.it\/de\/wp-json\/wp\/v2\/comments?post=339813"}],"version-history":[{"count":3,"href":"https:\/\/www.varcolor.it\/de\/wp-json\/wp\/v2\/pages\/339813\/revisions"}],"predecessor-version":[{"id":343305,"href":"https:\/\/www.varcolor.it\/de\/wp-json\/wp\/v2\/pages\/339813\/revisions\/343305"}],"wp:attachment":[{"href":"https:\/\/www.varcolor.it\/de\/wp-json\/wp\/v2\/media?parent=339813"}],"curies":[{"name":"wp","href":"https:\/\/api.w.org\/{rel}","templated":true}]}}