{"id":341180,"date":"2023-10-31T15:56:34","date_gmt":"2023-10-31T14:56:34","guid":{"rendered":"https:\/\/www.varcolor.it\/lavora-con-noi\/"},"modified":"2023-12-05T11:22:46","modified_gmt":"2023-12-05T10:22:46","slug":"bei-uns-arbeiten","status":"publish","type":"page","link":"https:\/\/www.varcolor.it\/de\/bei-uns-arbeiten\/","title":{"rendered":"Bei uns arbeiten"},"content":{"rendered":"<p>[et_pb_section fb_built=&#8220;1&#8243; fullwidth=&#8220;on&#8220; _builder_version=&#8220;4.15.1&#8243; _module_preset=&#8220;default&#8220; da_disable_devices=&#8220;off|off|off&#8220; global_colors_info=&#8220;{}&#8220; da_is_popup=&#8220;off&#8220; da_exit_intent=&#8220;off&#8220; da_has_close=&#8220;on&#8220; da_alt_close=&#8220;off&#8220; da_dark_close=&#8220;off&#8220; da_not_modal=&#8220;on&#8220; da_is_singular=&#8220;off&#8220; da_with_loader=&#8220;off&#8220; da_has_shadow=&#8220;on&#8220;][et_pb_fullwidth_image src=&#8220;https:\/\/www.varcolor.it\/wp-content\/uploads\/sites\/16\/2023\/11\/testata-lavora-con-noi.jpg&#8220; title_text=&#8220;testata-lavora-con-noi&#8220; _builder_version=&#8220;4.15.1&#8243; _module_preset=&#8220;default&#8220; global_colors_info=&#8220;{}&#8220;][\/et_pb_fullwidth_image][\/et_pb_section][et_pb_section fb_built=&#8220;1&#8243; _builder_version=&#8220;4.15.1&#8243; _module_preset=&#8220;default&#8220; da_disable_devices=&#8220;off|off|off&#8220; global_colors_info=&#8220;{}&#8220; da_is_popup=&#8220;off&#8220; da_exit_intent=&#8220;off&#8220; da_has_close=&#8220;on&#8220; da_alt_close=&#8220;off&#8220; da_dark_close=&#8220;off&#8220; da_not_modal=&#8220;on&#8220; da_is_singular=&#8220;off&#8220; da_with_loader=&#8220;off&#8220; da_has_shadow=&#8220;on&#8220;][et_pb_row _builder_version=&#8220;4.15.1&#8243; _module_preset=&#8220;default&#8220; global_colors_info=&#8220;{}&#8220;][et_pb_column type=&#8220;4_4&#8243; _builder_version=&#8220;4.15.1&#8243; _module_preset=&#8220;default&#8220; global_colors_info=&#8220;{}&#8220;][et_pb_text _builder_version=&#8220;4.15.1&#8243; _module_preset=&#8220;default&#8220; hover_enabled=&#8220;0&#8243; global_colors_info=&#8220;{}&#8220; sticky_enabled=&#8220;0&#8243;]<\/p>\n<h2><strong>Willkommen in der Rubrik \u201eBei uns arbeiten\u201c!<\/strong><\/h2>\n<p>Varcolor Srl bietet Ihnen ein Arbeitsumfeld, das sich st\u00e4ndig weiterentwickelt, aber im Gleichgewicht mit den Leitgedanken der Gruppe Gabrielli steht.<br \/>Wenn Sie Teil der Varcolor-Welt werden m\u00f6chten, senden Sie uns Ihre Bewerbung zu, indem Sie das untenstehende Formular ausf\u00fcllen.<br \/><strong>Die Abteilungen Handel, Produktion, Programmierung, Logistik und Einkauf erwarten Sie!<\/strong><\/p>\n<p>[\/et_pb_text][et_pb_code _builder_version=&#8220;4.15.1&#8243; _module_preset=&#8220;default&#8220; global_colors_info=&#8220;{}&#8220;]<\/p>\n<style><!-- [et_pb_line_break_holder] -->  .overflow-privacy {<!-- [et_pb_line_break_holder] -->    height: 200px;<!-- [et_pb_line_break_holder] -->\t\toverflow-y: auto;<!-- [et_pb_line_break_holder] -->\t\tfont-size: .8em;<!-- [et_pb_line_break_holder] -->\t\tline-height: 1.5em;<!-- [et_pb_line_break_holder] -->\t\tmargin: 5px 0 20px 0;<!-- [et_pb_line_break_holder] -->\t\tpadding: 10px 20px;<!-- [et_pb_line_break_holder] -->    background-color: #f2f2f2;<!-- [et_pb_line_break_holder] -->  }<!-- [et_pb_line_break_holder] -->  .et_pb_contact_reset {<!-- [et_pb_line_break_holder] -->    border-color: red;<!-- [et_pb_line_break_holder] -->    color: red;<!-- [et_pb_line_break_holder] -->  }<!-- [et_pb_line_break_holder] -->  .et_pb_contact_reset.et_pb_button:after {<!-- [et_pb_line_break_holder] -->    content: &#039;\\4d&#039; !important;<!-- [et_pb_line_break_holder] -->  }<!-- [et_pb_line_break_holder] -->  .et_pb_button:after {<!-- [et_pb_line_break_holder] -->    font-size: 28px;<!-- [et_pb_line_break_holder] -->  }<!-- [et_pb_line_break_holder] --><\/style>\n<p>[\/et_pb_code][et_pb_contact_form disabled_on=&#8220;on|on|on&#8220; _builder_version=&#8220;4.15.1&#8243; _module_preset=&#8220;default&#8220; _unique_id=&#8220;6a66854b-27a3-4d50-8dcc-20a71626efd2&#8243; disabled=&#8220;on&#8220; global_colors_info=&#8220;{}&#8220;][et_pb_contact_field field_id=&#8220;Name&#8220; field_title=&#8220;Nome&#8220; _builder_version=&#8220;4.15&#8243; global_colors_info=&#8220;{}&#8220; button_text_size__hover_enabled=&#8220;off&#8220; button_one_text_size__hover_enabled=&#8220;off&#8220; button_two_text_size__hover_enabled=&#8220;off&#8220; button_text_color__hover_enabled=&#8220;off&#8220; button_one_text_color__hover_enabled=&#8220;off&#8220; button_two_text_color__hover_enabled=&#8220;off&#8220; button_border_width__hover_enabled=&#8220;off&#8220; button_one_border_width__hover_enabled=&#8220;off&#8220; button_two_border_width__hover_enabled=&#8220;off&#8220; button_border_color__hover_enabled=&#8220;off&#8220; button_one_border_color__hover_enabled=&#8220;off&#8220; button_two_border_color__hover_enabled=&#8220;off&#8220; button_border_radius__hover_enabled=&#8220;off&#8220; button_one_border_radius__hover_enabled=&#8220;off&#8220; button_two_border_radius__hover_enabled=&#8220;off&#8220; button_letter_spacing__hover_enabled=&#8220;off&#8220; button_one_letter_spacing__hover_enabled=&#8220;off&#8220; button_two_letter_spacing__hover_enabled=&#8220;off&#8220; button_bg_color__hover_enabled=&#8220;off&#8220; button_one_bg_color__hover_enabled=&#8220;off&#8220; button_two_bg_color__hover_enabled=&#8220;off&#8220;][\/et_pb_contact_field][et_pb_contact_field field_id=&#8220;Email&#8220; field_title=&#8220;Indirizzo e-mail&#8220; field_type=&#8220;email&#8220; _builder_version=&#8220;4.15&#8243; global_colors_info=&#8220;{}&#8220; button_text_size__hover_enabled=&#8220;off&#8220; button_one_text_size__hover_enabled=&#8220;off&#8220; button_two_text_size__hover_enabled=&#8220;off&#8220; button_text_color__hover_enabled=&#8220;off&#8220; button_one_text_color__hover_enabled=&#8220;off&#8220; button_two_text_color__hover_enabled=&#8220;off&#8220; button_border_width__hover_enabled=&#8220;off&#8220; button_one_border_width__hover_enabled=&#8220;off&#8220; button_two_border_width__hover_enabled=&#8220;off&#8220; button_border_color__hover_enabled=&#8220;off&#8220; button_one_border_color__hover_enabled=&#8220;off&#8220; button_two_border_color__hover_enabled=&#8220;off&#8220; button_border_radius__hover_enabled=&#8220;off&#8220; button_one_border_radius__hover_enabled=&#8220;off&#8220; button_two_border_radius__hover_enabled=&#8220;off&#8220; button_letter_spacing__hover_enabled=&#8220;off&#8220; button_one_letter_spacing__hover_enabled=&#8220;off&#8220; button_two_letter_spacing__hover_enabled=&#8220;off&#8220; button_bg_color__hover_enabled=&#8220;off&#8220; button_one_bg_color__hover_enabled=&#8220;off&#8220; button_two_bg_color__hover_enabled=&#8220;off&#8220;][\/et_pb_contact_field][et_pb_contact_field field_id=&#8220;Message&#8220; field_title=&#8220;Messaggio&#8220; field_type=&#8220;text&#8220; fullwidth_field=&#8220;on&#8220; _builder_version=&#8220;4.15&#8243; global_colors_info=&#8220;{}&#8220; button_text_size__hover_enabled=&#8220;off&#8220; button_one_text_size__hover_enabled=&#8220;off&#8220; button_two_text_size__hover_enabled=&#8220;off&#8220; button_text_color__hover_enabled=&#8220;off&#8220; button_one_text_color__hover_enabled=&#8220;off&#8220; button_two_text_color__hover_enabled=&#8220;off&#8220; button_border_width__hover_enabled=&#8220;off&#8220; button_one_border_width__hover_enabled=&#8220;off&#8220; button_two_border_width__hover_enabled=&#8220;off&#8220; button_border_color__hover_enabled=&#8220;off&#8220; button_one_border_color__hover_enabled=&#8220;off&#8220; button_two_border_color__hover_enabled=&#8220;off&#8220; button_border_radius__hover_enabled=&#8220;off&#8220; button_one_border_radius__hover_enabled=&#8220;off&#8220; button_two_border_radius__hover_enabled=&#8220;off&#8220; button_letter_spacing__hover_enabled=&#8220;off&#8220; button_one_letter_spacing__hover_enabled=&#8220;off&#8220; button_two_letter_spacing__hover_enabled=&#8220;off&#8220; button_bg_color__hover_enabled=&#8220;off&#8220; button_one_bg_color__hover_enabled=&#8220;off&#8220; button_two_bg_color__hover_enabled=&#8220;off&#8220;][\/et_pb_contact_field][\/et_pb_contact_form][et_pb_text admin_label=&#8220;CF 7&#8243; _builder_version=&#8220;4.15.1&#8243; _module_preset=&#8220;default&#8220; hover_enabled=&#8220;0&#8243; global_colors_info=&#8220;{}&#8220; sticky_enabled=&#8220;0&#8243;]<\/p>\n<div role=\"form\" class=\"wpcf7\" id=\"wpcf7-f341168-o1\" lang=\"it-IT\" dir=\"ltr\">\n<div class=\"screen-reader-response\"><p role=\"status\" aria-live=\"polite\" aria-atomic=\"true\"><\/p> <ul><\/ul><\/div>\n<form action=\"\/de\/wp-json\/wp\/v2\/pages\/341180#wpcf7-f341168-o1\" method=\"post\" class=\"wpcf7-form init\" enctype=\"multipart\/form-data\" novalidate=\"novalidate\" data-status=\"init\">\n<div style=\"display: none;\">\n<input type=\"hidden\" name=\"_wpcf7\" value=\"341168\" \/>\n<input type=\"hidden\" name=\"_wpcf7_version\" value=\"5.6\" \/>\n<input type=\"hidden\" name=\"_wpcf7_locale\" value=\"it_IT\" \/>\n<input type=\"hidden\" name=\"_wpcf7_unit_tag\" value=\"wpcf7-f341168-o1\" \/>\n<input type=\"hidden\" name=\"_wpcf7_container_post\" value=\"0\" \/>\n<input type=\"hidden\" name=\"_wpcf7_posted_data_hash\" value=\"\" \/>\n<input type=\"hidden\" name=\"_wpcf7_recaptcha_response\" value=\"\" \/>\n<\/div>\n<div class=\"et_pb_contact\">\n<p class=\"et_pb_contact_field et_pb_contact_field_half\">Vorname*<br><span class=\"wpcf7-form-control-wrap\" data-name=\"nome\"><input type=\"text\" name=\"nome\" value=\"\" size=\"40\" class=\"wpcf7-form-control wpcf7-text wpcf7-validates-as-required\" aria-required=\"true\" aria-invalid=\"false\" \/><\/span><\/p>\n<p class=\"et_pb_contact_field et_pb_contact_field_half et_pb_contact_field_last\">Nachname*<br><span class=\"wpcf7-form-control-wrap\" data-name=\"cognome\"><input type=\"text\" name=\"cognome\" value=\"\" size=\"40\" class=\"wpcf7-form-control wpcf7-text wpcf7-validates-as-required\" aria-required=\"true\" aria-invalid=\"false\" \/><\/span><\/p>\n<p class=\"et_pb_contact_field et_pb_contact_field_half et_pb_contact_field_last\">Geburtsdatum*<br><span class=\"wpcf7-form-control-wrap\" data-name=\"nascita\"><input type=\"date\" name=\"nascita\" value=\"\" class=\"wpcf7-form-control wpcf7-date wpcf7-validates-as-required wpcf7-validates-as-date\" aria-required=\"true\" aria-invalid=\"false\" \/><\/span><\/p>\n<p class=\"et_pb_contact_field et_pb_contact_field_half\">Derzeitiger Wohnort*<br><span class=\"wpcf7-form-control-wrap\" data-name=\"citta\"><input type=\"text\" name=\"citta\" value=\"\" size=\"40\" class=\"wpcf7-form-control wpcf7-text wpcf7-validates-as-required\" aria-required=\"true\" aria-invalid=\"false\" \/><\/span><\/p>\n<p class=\"et_pb_contact_field et_pb_contact_field_half et_pb_contact_field_last\">Nationalit\u00e4t*<br><span class=\"wpcf7-form-control-wrap\" data-name=\"cittadinanza\"><input type=\"text\" name=\"cittadinanza\" value=\"\" size=\"40\" class=\"wpcf7-form-control wpcf7-text wpcf7-validates-as-required\" aria-required=\"true\" aria-invalid=\"false\" \/><\/span><\/p>\n<p class=\"et_pb_contact_field et_pb_contact_field_half\">Art der Stelle, auf die Sie sich bewerben*<br><span class=\"wpcf7-form-control-wrap\" data-name=\"tipo-lavoro\"><select name=\"tipo-lavoro\" class=\"wpcf7-form-control wpcf7-select wpcf7-validates-as-required\" aria-required=\"true\" aria-invalid=\"false\"><option value=\"\">---<\/option><option value=\"Produktion\">Produktion<\/option><option value=\"Handel\">Handel<\/option><option value=\"Programmierung\">Programmierung<\/option><option value=\"Logistik\">Logistik<\/option><option value=\"Einkauf\">Einkauf<\/option><option value=\"Sonstiges\">Sonstiges<\/option><\/select><\/span><\/p>\n<p class=\"et_pb_contact_field et_pb_contact_field_half et_pb_contact_field_last\">Berufsbezeichnung*<br><span class=\"wpcf7-form-control-wrap\" data-name=\"mansione\"><select name=\"mansione\" class=\"wpcf7-form-control wpcf7-select wpcf7-validates-as-required\" aria-required=\"true\" aria-invalid=\"false\"><option value=\"\">---<\/option><option value=\"Production worker\">Production worker<\/option><option value=\"Office worker\">Office worker<\/option><option value=\"Other\">Other<\/option><\/select><\/span><\/p>\n<p class=\"et_pb_contact_field et_pb_contact_field_half\">E-Mail-Adresse*<br><span class=\"wpcf7-form-control-wrap\" data-name=\"email\"><input type=\"email\" name=\"email\" value=\"\" size=\"40\" class=\"wpcf7-form-control wpcf7-text wpcf7-email wpcf7-validates-as-required wpcf7-validates-as-email\" aria-required=\"true\" aria-invalid=\"false\" \/><\/span><\/p>\n<p class=\"et_pb_contact_field et_pb_contact_field_half et_pb_contact_field_last\">Telefon*<br><span class=\"wpcf7-form-control-wrap\" data-name=\"telefono\"><input type=\"tel\" name=\"telefono\" value=\"\" size=\"40\" class=\"wpcf7-form-control wpcf7-text wpcf7-tel wpcf7-validates-as-required wpcf7-validates-as-tel\" aria-required=\"true\" aria-invalid=\"false\" \/><\/span><\/p>\n<p class=\"et_pb_contact_field et_pb_contact_field_half\">Lebenslauf anh\u00e4ngen <br><span class=\"wpcf7-form-control-wrap\" data-name=\"curriculum\"><input type=\"file\" name=\"curriculum\" size=\"40\" class=\"wpcf7-form-control wpcf7-file wpcf7-validates-as-required\" accept=\"audio\/*,video\/*,image\/*\" aria-required=\"true\" aria-invalid=\"false\" \/><\/span><\/p>\n<p class=\"et_pb_contact_field et_pb_contact_field_half et_pb_contact_field_last\">Anschreiben anh\u00e4ngen <br><span class=\"wpcf7-form-control-wrap\" data-name=\"presentazione\"><input type=\"file\" name=\"presentazione\" size=\"40\" class=\"wpcf7-form-control wpcf7-file\" accept=\"audio\/*,video\/*,image\/*\" aria-invalid=\"false\" \/><\/span><\/p>\n<p class=\"et_pb_contact_field et_pb_contact_field_last\">Anfragen oder Kommentare<br><span class=\"wpcf7-form-control-wrap\" data-name=\"commenti\"><textarea name=\"commenti\" cols=\"40\" rows=\"10\" class=\"wpcf7-form-control wpcf7-textarea\" aria-invalid=\"false\"><\/textarea><\/span><\/p>\n<div style=\"clear:both;\"><\/div>\n<div class=\"et_pb_contact_field et_pb_contact_field_last\" style=\"margin-left: 3%;\">\n<p><b>INFORMATIONEN \u00dcBER DIE VERARBEITUNG VON PERSONENBEZOGENEN DATEN<\/b><\/p>\n<div class=\"overflow-privacy\">\n<p>Varcolor S.r.l., informs you of the following:<\/p>\n<p><b>Data Controller and Data Protection Officer (RDP\/DPO)<\/b><\/p>\n<p>The Data Controller is Varcolor S.r.l., Via dell\u2019Industria, 22 - 36050 Quinto Vicentino (VI). You can contact the Data Protection Officer at the following e-mail address: dpo@varcolor.it.<\/p>\n<p><b>Purposes of the data processing <\/b><\/p>\n<p >Your personal data will be processed for purposes connected with and instrumental to the performance of personnel selection activities, including the evaluation of your application, the examination of your qualifications, experience and skills and the result of your interview.  Any special data supplied will be processed only for the same purposes as those indicated above and to assess the existence of the requirements for recognising any benefits and\/or grants provided for by law, as well as the existence of the conditions necessary for the application of particular regulations on tax, trade union, health protection and public order, occupational safety and, in general, other regulations on employment law.  <\/p>\n<p ><b>Types of data processed <\/b><\/p>\n<p >The following categories of personal data entered in the form and in the files you attach will be processed: a) Common personal data, such as personal and contact details, data relating to your educational qualifications and work experience, and your image. b) (if any) Personal data disclosing racial or ethnic origin, religious, philosophical or other beliefs, political opinions, membership of parties, trade unions, associations or organisations of religious, philosophical, political or trade-union type, as well as personal data disclosing health.   <\/p>\n<p ><b>Legal basis and provision of data  <\/b><\/p>\n<p>The processing of data under letter a) is based on the execution of pre-contractual measures taken at your request (Art. 6 letter b) EU Reg. 2016\/679); the provision of data is necessary to participate in a possible selection procedure. On the other hand, the processing of the data under letter b) is based on the consent that you may have given (Art. 9 paragraph II letter a) EU Reg. 2016\/679); failure to provide such data will not affect your participation in the selection process, but it may make it impossible to assess the existence of the necessary conditions for the application of special regulations that grant you benefits and\/or disbursements for various reasons.<\/p>\n<p ><b>Data processing methods <\/b><\/p>\n<p >The processing of personal data is carried out by means of the operations indicated in Art. 4 no. 2) GDPR, for the above-mentioned purposes, whether on paper or computer, by means of electronic or otherwise automated tools, in compliance with the regulations in force in particular with regard to confidentiality and security and in accordance with the principles of correctness, lawfulness and transparency and protection of the rights of the individual. The processing is carried out directly by the Data Controller\u2019s organisation, its managers and\/or appointees.<\/p>\n<p ><b>Communication and dissemination<\/b><\/p>\n<p >Your personal data may be communicated to other companies belonging to the Gabrielli Group and processed by third parties who provide instrumental services, including communication services, e-mail, technical services for website management and IT service providers. Personal data will not be disseminated in any way.<\/p>\n<p ><b>Retention period <\/b> <\/p>\n<p >The personal data you provide will be stored for a period not exceeding 24 months.<\/p>\n<p ><b>Transfer of data <\/b><\/p>\n<p >Personal data are stored on servers located within the European Union. In any case, it is understood that the Data Controller may also move the servers outside the EU if necessary. In this case, the Data Controller assures as of now that the transfer of data outside the EU will take place in compliance with the applicable legal provisions, subject to the stipulation of the standard contractual clauses provided for by the European Commission. The updated list of all recipients is available at the Data Controller's premises and will be provided upon request by the data subject by writing to the following e-mail address: privacy@varcolor.it.  <\/p>\n<p ><b>Rights of the data subject <\/b><\/p>\n<p >We also inform you that, in relation to the data, you, as the data subject, may at any time exercise the rights provided for in Chapter III of the Regulation. In particular, you have the right to request from the Controller access to the data concerning you, their rectification or deletion, the integration of incomplete data, the restriction of processing; to receive the data in a structured, commonly used and machine-readable format; to revoke any consent you may have given regarding the processing of your data and to object in whole or in part to the use of the data; as well as to exercise the other rights recognised to you by the applicable regulations. These rights may be exercised by writing to the following e-mail address: privacy@varcolor.it. Pursuant to Article 77 of the Regulation, you also have the right to lodge a complaint with the Data Protection Authority if you consider that the processing violates the aforementioned Regulation.        <\/p>\n<p >Latest update 11\/10\/2023<\/p>\n<\/div>\n<\/div>\n<\/div>\n<p class=\"et_pb_contact_field et_pb_contact_field_last\"><strong>Einwilligung in die Verarbeitung personenbezogener Daten<\/strong><\/p>\n<p class=\"et_pb_contact_field et_pb_contact_field_half\">Damit der f\u00fcr die Verarbeitung Verantwortliche meinen Lebenslauf pr\u00fcfen kann<br><span class=\"wpcf7-form-control-wrap\" data-name=\"privacy\"><span class=\"wpcf7-form-control wpcf7-acceptance\"><span class=\"wpcf7-list-item\"><label><input type=\"checkbox\" name=\"privacy\" value=\"1\" aria-invalid=\"false\" \/><span class=\"wpcf7-list-item-label\">Ich best\u00e4tige, dass ich die Informationen gem\u00e4\u00df Art. 13 der Verordnung (EU) 2016\/679 gelesen habe, und\nerkl\u00e4re mich mit der Verarbeitung der auf meine Person bezogenen Daten gem\u00e4\u00df Artikel 9 der Verordnung\neinverstanden, sofern diese freiwillig in den Lebenslauf aufgenommen wurden.<\/span><\/label><\/span><\/span><\/span><\/p>\n<p class=\"et_pb_contact_field et_pb_contact_field_last\">(*) Pflichtfelder<\/p>\n<p class=\"et_pb_contact_field et_pb_contact_field_last\" style=\"text-align: center;\">\n<button type=\"reset\" name=\"et_builder_reset_button\" class=\"et_pb_contact_reset et_pb_button\">Felder l\u00f6schen<\/button><button type=\"submit\" name=\"et_builder_submit_button\" class=\"et_pb_contact_submit et_pb_button\">Formular absenden<\/button><\/p>\n<div class=\"wpcf7-response-output\" aria-hidden=\"true\"><\/div><\/form><\/div>\n<p>[\/et_pb_text][\/et_pb_column][\/et_pb_row][\/et_pb_section]<\/p>\n","protected":false},"excerpt":{"rendered":"<p>Willkommen in der Rubrik \u201eBei uns arbeiten\u201c! Varcolor Srl bietet Ihnen ein Arbeitsumfeld, das sich st\u00e4ndig weiterentwickelt, aber im Gleichgewicht mit den Leitgedanken der Gruppe Gabrielli steht.Wenn Sie Teil der Varcolor-Welt werden m\u00f6chten, senden Sie uns Ihre Bewerbung zu, indem Sie das untenstehende Formular ausf\u00fcllen.Die Abteilungen Handel, Produktion, Programmierung, Logistik und Einkauf erwarten Sie![contact-form-7 404 \"Nicht gefunden\"]<\/p>\n","protected":false},"author":3,"featured_media":0,"parent":0,"menu_order":0,"comment_status":"closed","ping_status":"closed","template":"","meta":{"_et_pb_use_builder":"on","_et_pb_old_content":"","_et_gb_content_width":"","inline_featured_image":false,"ngg_post_thumbnail":0},"_links":{"self":[{"href":"https:\/\/www.varcolor.it\/de\/wp-json\/wp\/v2\/pages\/341180"}],"collection":[{"href":"https:\/\/www.varcolor.it\/de\/wp-json\/wp\/v2\/pages"}],"about":[{"href":"https:\/\/www.varcolor.it\/de\/wp-json\/wp\/v2\/types\/page"}],"author":[{"embeddable":true,"href":"https:\/\/www.varcolor.it\/de\/wp-json\/wp\/v2\/users\/3"}],"replies":[{"embeddable":true,"href":"https:\/\/www.varcolor.it\/de\/wp-json\/wp\/v2\/comments?post=341180"}],"version-history":[{"count":2,"href":"https:\/\/www.varcolor.it\/de\/wp-json\/wp\/v2\/pages\/341180\/revisions"}],"predecessor-version":[{"id":341184,"href":"https:\/\/www.varcolor.it\/de\/wp-json\/wp\/v2\/pages\/341180\/revisions\/341184"}],"wp:attachment":[{"href":"https:\/\/www.varcolor.it\/de\/wp-json\/wp\/v2\/media?parent=341180"}],"curies":[{"name":"wp","href":"https:\/\/api.w.org\/{rel}","templated":true}]}}