{"id":338520,"date":"2023-06-05T15:02:40","date_gmt":"2023-06-05T13:02:40","guid":{"rendered":"https:\/\/www.varcolor.it\/privacy-policy\/"},"modified":"2023-08-01T12:06:38","modified_gmt":"2023-08-01T10:06:38","slug":"politica-de-privacidad","status":"publish","type":"page","link":"https:\/\/www.varcolor.it\/es\/politica-de-privacidad\/","title":{"rendered":"Pol\u00edtica de privacidad"},"content":{"rendered":"<p>[et_pb_section fb_built=\u00bb1&#8243; _builder_version=\u00bb4.15&#8243; da_disable_devices=\u00bboff|off|off\u00bb global_colors_info=\u00bb{}\u00bb da_is_popup=\u00bboff\u00bb da_exit_intent=\u00bboff\u00bb da_has_close=\u00bbon\u00bb da_alt_close=\u00bboff\u00bb da_dark_close=\u00bboff\u00bb da_not_modal=\u00bbon\u00bb da_is_singular=\u00bboff\u00bb da_with_loader=\u00bboff\u00bb da_has_shadow=\u00bbon\u00bb][et_pb_row _builder_version=\u00bb4.15&#8243; global_colors_info=\u00bb{}\u00bb][et_pb_column type=\u00bb4_4&#8243; _builder_version=\u00bb4.15&#8243; global_colors_info=\u00bb{}\u00bb][et_pb_text _builder_version=\u00bb4.15.1&#8243; header_font=\u00bb|||on|||||\u00bb hover_enabled=\u00bb0&#8243; global_colors_info=\u00bb{}\u00bb sticky_enabled=\u00bb0&#8243;]<\/p>\n<h1>Informaci\u00f3n relativa al tratamiento de protecci\u00f3n de datos<\/h1>\n<p>[\/et_pb_text][et_pb_text _builder_version=\u00bb4.15.1&#8243; hover_enabled=\u00bb0&#8243; global_colors_info=\u00bb{}\u00bb sticky_enabled=\u00bb0&#8243;]<\/p>\n<p><strong>TITULAR DEL TRATAMIENTO DE DATOS<\/strong><\/p>\n<p>Varcolor S.r.l., Via dell\u2019Industria, 22 \u2013 36050 Quinto Vicentino (VI) \u2013 C.F. e P. IVA: IT 02828680245<\/p>\n<p><strong>RESPONSABLE DE LA PROTECCI\u00d3N DE DATOS<\/strong><\/p>\n<p>El titular del tratamiento ha designado al responsable de la protecci\u00f3n de datos personales a Silvia Gorini como responsable de la protecci\u00f3n de datos, con la que se puede contactar en la siguiente direcci\u00f3n de correo: dpo@varcolor.it<br \/>Ar ra\u00edz de la consulta de este sitio web, pueden tratarse datos relativos a personas f\u00edsicas y\/o jur\u00eddicas identificadas o identificables.<\/p>\n<p><strong>LUGAR DE TRATAMIENTO DE LOS DATOS<\/strong><\/p>\n<p>El tratamiento de datos relacionado con los servicios web de este sitio tienen lugar en nuestra sede y son llevados a cabo \u00fanicamente por el personal designado a la protecci\u00f3n de datos o por personas encargadas de operaciones de mantenimiento y secretar\u00eda. Los datos comunicados podr\u00e1n ser comunicados a terceros en relaci\u00f3n a servicios prestados para el responsable del tratamiento; dichos terceros ser\u00e1n designados en base al art\u00edculo 28 del Reg. UE 2016\/679 como responsables del tratamiento.<\/p>\n<p><strong>TIPO DE DATOS TRATADOS<\/strong><\/p>\n<p><strong>Datos de navegaci\u00f3n<\/strong>: Los sistemas inform\u00e1ticos y los procedimientos de software utilizados para el funcionamiento de este sitio web adquieren, durante su funcionamiento normal, algunos datos personales cuya transmisi\u00f3n est\u00e1 impl\u00edcita en el uso de los protocolos de comunicaci\u00f3n de Internet. Se trata de informaci\u00f3n que no se recoge para ser asociada a intereses identificados, sino que por su propia naturaleza podr\u00eda, mediante elaboraciones y asociaciones con datos de terceros, identificar a los usuarios. En esta categor\u00eda de datos se incluyen las direcciones IP o los nombres de dominio de los ordenadores utilizados por los usuarios que se conectan, las direcciones URI (Uniform Resource Identifier) de los recursos solicitados, la hora de la solicitud, el m\u00e9todo utilizado para enviar la solicitud al servidor, el tama\u00f1o del archivo obtenido como respuesta, el c\u00f3digo num\u00e9rico que indica el estado de la respuesta dada por el servidor (correcto, error, etc.) y otros par\u00e1metros relativos al sistema operativo y al entorno inform\u00e1tico del usuario. Estos datos se utilizan con el \u00fanico fin de obtener informaci\u00f3n estad\u00edstica an\u00f3nima sobre el uso del sitio web y comprobar su correcto funcionamiento y, estos, se eliminan inmediatamente despu\u00e9s de su tratamiento. Los datos podr\u00edan utilizarse para determinar responsabilidades en caso de hipot\u00e9ticos delitos inform\u00e1ticos en perjuicio del sitio web.<\/p>\n<p><strong>Datos facilitados voluntariamente por el usuario<\/strong>: el env\u00edo facultativo, expl\u00edcito y voluntario de correo electr\u00f3nico a las direcciones indicadas en este sitio web conlleva la posterior adquisici\u00f3n de la direcci\u00f3n del remitente, necesaria para responder a las solicitudes, as\u00ed como de cualquier otro dato personal que figure en el formulario de contacto. La informaci\u00f3n espec\u00edfica se comunicar\u00e1 o mostrar\u00e1 progresivamente en las p\u00e1ginas del sitio configuradas para servicios particulares, previa solicitud. Los datos personales comunicados en la secci\u00f3n de contacto se utilizar\u00e1n para proceder a un posterior contacto telef\u00f3nico o por correo electr\u00f3nico de la empresa en cuesti\u00f3n con fines de cotizaci\u00f3n y actividades precontractuales de conformidad con el art. 6 letra b) del Reg. UE 2016\/679. Por otro lado, se requiere el consentimiento expreso del interesado para la suscripci\u00f3n al bolet\u00edn y servicio de actualizaci\u00f3n (art. 6 letra a) del Reg. UE 2016\/679) as\u00ed como para comunicaciones personalizadas.<\/p>\n<p><strong>Cookies<\/strong>: Esta secci\u00f3n del sitio web env\u00eda a los visitantes unos archivos com\u00fanmente conocidos como cookies. Las cookies ser\u00e1n utilizadas por el navegador del ordenador, exclusivamente para almacenar la informaci\u00f3n de la sesi\u00f3n del usuario del sitio web. El uso de cookies es un est\u00e1ndar de la industria y los navegadores las almacenan en una carpeta especial. Si prefiere no recibir cookies o desea ser informado de ellas con antelaci\u00f3n, puede configurar su navegador para ello. No obstante, le informamos que sin esta funci\u00f3n activa no es posible acceder correctamente a la secci\u00f3n de foros de los sitios web de la empresa. Para m\u00e1s informaci\u00f3n visite la p\u00e1gina de cookies.<\/p>\n<p><strong>SUMINISTRO FACULTATIVO DE DATOS<\/strong><\/p>\n<p>Aparte de los especificado para los datos de navegaci\u00f3n, el usuario es libre de proporcionar los datos personales indicados en los formularios de solicitud, registro de \u00e1rea reservada o en cualquier caso indicando en los contactos. La no facilitaci\u00f3n de estos puede suponer la imposibilidad de obtener la informaci\u00f3n solicitada. Se explicitar\u00e1 en la informaci\u00f3n cu\u00e1ndo se requiere el consentimiento del interesado, y se le informar\u00e1 de las formas en que puede revocar un consentimiento previamente expresado.<\/p>\n<p><strong>M\u00c9TODOS DE TRATAMIENTO<\/strong><\/p>\n<p>Los datos personales se procesan inform\u00e1ticamente durante el tiempo estrictamente necesario para alcanzar los fines para los que se recogieron, y se comparan con los datos que ya posee el responsable del tratamiento para la realizaci\u00f3n de actividades o servicios. En caso de discrepancia, el responsable puede ponerse en contacto con el remitente para verificar la integridad de los datos o para su posible correcci\u00f3n. Se observan medidas de seguridad espec\u00edficas para evitar la p\u00e9rdida de datos, usos il\u00edcitos o incorrectos y accesos no autorizados.<\/p>\n<h3>M\u00c1S INFORMACI\u00d3N SOBRE EL TRATAMIENTO<\/h3>\n<p><strong>Defensa jur\u00eddica<\/strong><br \/>Los datos personales del Usuario podr\u00e1n ser utilizados para la defensa del Titular en procedimientos judiciales o en las fases preparatorias para su posible establecimiento, contra abusos en el uso de los mismos o de servicios relacionados por parte del Usuario.<br \/>El Usuario declara ser consciente de que el Titular puede verse obligado a revelar datos a petici\u00f3n de las autoridades p\u00fablicas.<\/p>\n<p><strong>Informaci\u00f3n espec\u00edfica<\/strong><br \/>A petici\u00f3n del Usuario, adem\u00e1s de la informaci\u00f3n contenida en esta pol\u00edtica de privacidad, este sitio puede proporcionar al Usuario informaci\u00f3n adicional y contextual, relativa a servicios espec\u00edficos, o a la recogida y tratamiento de Datos Personales.<\/p>\n<p><strong>Registro del sistema y mantenimiento<\/strong><br \/>A efectos de funcionamiento y mantenimiento, este sitio y los servicios de terceros que utiliza pueden recopilar registros del sistema, es decir, archivos que registran las interacciones y que tambi\u00e9n pueden contener datos personales como la direcci\u00f3n de IP o el Usuario.<\/p>\n<p><strong>Per\u00edodo de conservaci\u00f3n<\/strong><br \/>Los datos personales se conservar\u00e1n en cumplimiento de las obligaciones legales y durante el tiempo estrictamente relacionado con los fines del tratamiento.<\/p>\n<p><strong>Destinatario de los datos<\/strong><br \/>Los datos personales no se divulgar\u00e1n. En cambio, los datos personales proporcionados para la compra y el pedido de productos podr\u00e1n comunicarse a<\/p>\n<ol>\n<li>Personas a las que dicha comunicaci\u00f3n deba efectuarse para cumplir o exigir el cumplimiento de obligaciones espec\u00edficas previstas por leyes, reglamentos y\/o normativa europesa,<\/li>\n<li>Las sociedades del Grupo Gabrielli que se ocupan del servicio solicitado,<\/li>\n<li>Personas f\u00edsicas y\/o jur\u00eddicas externas que presten servicios instrumentales para las actividades del Responsable del tratamiento (por ejemplo, centros de llamadas, proveedores, consultores, empresas, organismos, despachos profesionales). Estos sujetos actuar\u00e1n como encargados del tratamiento.<\/li>\n<\/ol>\n<p><strong>Informaci\u00f3n no contenida en esta pol\u00edtica<\/strong><br \/>Puede solicitar en cualquier momento m\u00e1s informaci\u00f3n en relaci\u00f3n con el tratamiento de datos personales al responsable del tratamiento utilizando la informaci\u00f3n de contacto.<\/p>\n<p><strong>DERECHOS POR PARTE DE LOS USUARIOS<\/strong><\/p>\n<p>Los sujetos a los que se refieren los datos tienen derecho en cualquier momento a obtener del Titular del tratamiento la confirmaci\u00f3n de la existencia u olvido de dichos datos, a ser informados de su contenido y origen, a verificar su exactitud o solicitar su integraci\u00f3n, cancelaci\u00f3n, actualizaci\u00f3n, rectificaci\u00f3n, olvido o el bloqueo de los datos personales tratados de manera il\u00edcita, as\u00ed como oponerse a su tratamiento por motivos leg\u00edtimos. Las solicitudes deben dirigirse al responsable del tratamiento con el que pueden ponerse en contacto en la direcci\u00f3n de correo privacy@varcolor.it. Tambi\u00e9n es posible presentar una reclamaci\u00f3n ante la Autoridad Italiana de Protecci\u00f3n de Datos (www.garanteprivacy.it).<\/p>\n<p>[\/et_pb_text][\/et_pb_column][\/et_pb_row][\/et_pb_section]<\/p>\n","protected":false},"excerpt":{"rendered":"<p>Informaci\u00f3n relativa al tratamiento de protecci\u00f3n de datosTITULAR DEL TRATAMIENTO DE DATOS Varcolor S.r.l., Via dell\u2019Industria, 22 \u2013 36050 Quinto Vicentino (VI) \u2013 C.F. e P. IVA: IT 02828680245 RESPONSABLE DE LA PROTECCI\u00d3N DE DATOS El titular del tratamiento ha designado al responsable de la protecci\u00f3n de datos personales a Silvia Gorini como responsable de [&hellip;]<\/p>\n","protected":false},"author":8,"featured_media":0,"parent":0,"menu_order":0,"comment_status":"closed","ping_status":"closed","template":"","meta":{"_et_pb_use_builder":"on","_et_pb_old_content":"","_et_gb_content_width":"","inline_featured_image":false,"ngg_post_thumbnail":0},"_links":{"self":[{"href":"https:\/\/www.varcolor.it\/es\/wp-json\/wp\/v2\/pages\/338520"}],"collection":[{"href":"https:\/\/www.varcolor.it\/es\/wp-json\/wp\/v2\/pages"}],"about":[{"href":"https:\/\/www.varcolor.it\/es\/wp-json\/wp\/v2\/types\/page"}],"author":[{"embeddable":true,"href":"https:\/\/www.varcolor.it\/es\/wp-json\/wp\/v2\/users\/8"}],"replies":[{"embeddable":true,"href":"https:\/\/www.varcolor.it\/es\/wp-json\/wp\/v2\/comments?post=338520"}],"version-history":[{"count":2,"href":"https:\/\/www.varcolor.it\/es\/wp-json\/wp\/v2\/pages\/338520\/revisions"}],"predecessor-version":[{"id":338529,"href":"https:\/\/www.varcolor.it\/es\/wp-json\/wp\/v2\/pages\/338520\/revisions\/338529"}],"wp:attachment":[{"href":"https:\/\/www.varcolor.it\/es\/wp-json\/wp\/v2\/media?parent=338520"}],"curies":[{"name":"wp","href":"https:\/\/api.w.org\/{rel}","templated":true}]}}