{"id":338698,"date":"2021-09-20T15:45:50","date_gmt":"2021-09-20T13:45:50","guid":{"rendered":"https:\/\/www.varcolor.it\/settore-arredamento-commerciale\/"},"modified":"2025-09-22T10:23:59","modified_gmt":"2025-09-22T08:23:59","slug":"sector-mobiliario-comercial","status":"publish","type":"page","link":"https:\/\/www.varcolor.it\/es\/sector-mobiliario-comercial\/","title":{"rendered":"Sector Mobiliario comercial"},"content":{"rendered":"<p>[et_pb_section fb_built=\u00bb1&#8243; _builder_version=\u00bb4.15&#8243; background_color=\u00bb#e5e5e5&#8243; custom_padding=\u00bb20px||20px||true|false\u00bb da_disable_devices=\u00bboff|off|off\u00bb locked=\u00bboff\u00bb global_colors_info=\u00bb{}\u00bb da_is_popup=\u00bboff\u00bb da_exit_intent=\u00bboff\u00bb da_has_close=\u00bbon\u00bb da_alt_close=\u00bboff\u00bb da_dark_close=\u00bboff\u00bb da_not_modal=\u00bbon\u00bb da_is_singular=\u00bboff\u00bb da_with_loader=\u00bboff\u00bb da_has_shadow=\u00bbon\u00bb][et_pb_row _builder_version=\u00bb4.15&#8243; custom_margin=\u00bb0px||0px||true|false\u00bb custom_padding=\u00bb10px||10px||true|false\u00bb global_colors_info=\u00bb{}\u00bb][et_pb_column type=\u00bb4_4&#8243; _builder_version=\u00bb4.15&#8243; global_colors_info=\u00bb{}\u00bb][et_pb_text _builder_version=\u00bb4.15.1&#8243; text_font=\u00bb||||||||\u00bb header_font=\u00bb|||on|||||\u00bb header_text_color=\u00bb#202448&#8243; header_font_size=\u00bb40px\u00bb header_line_height=\u00bb1.3em\u00bb header_2_font_size=\u00bb24px\u00bb header_2_line_height=\u00bb1.3em\u00bb text_orientation=\u00bbcenter\u00bb background_layout=\u00bbdark\u00bb global_colors_info=\u00bb{}\u00bb]<\/p>\n<h1>Aplicaciones en mobiliario comercial<\/h1>\n<p>[\/et_pb_text][\/et_pb_column][\/et_pb_row][\/et_pb_section][et_pb_section fb_built=\u00bb1&#8243; _builder_version=\u00bb4.15&#8243; da_disable_devices=\u00bboff|off|off\u00bb global_colors_info=\u00bb{}\u00bb da_is_popup=\u00bboff\u00bb da_exit_intent=\u00bboff\u00bb da_has_close=\u00bbon\u00bb da_alt_close=\u00bboff\u00bb da_dark_close=\u00bboff\u00bb da_not_modal=\u00bbon\u00bb da_is_singular=\u00bboff\u00bb da_with_loader=\u00bboff\u00bb da_has_shadow=\u00bbon\u00bb][et_pb_row column_structure=\u00bb1_2,1_2&#8243; _builder_version=\u00bb4.15.1&#8243; global_colors_info=\u00bb{}\u00bb][et_pb_column type=\u00bb1_2&#8243; _builder_version=\u00bb4.15&#8243; global_colors_info=\u00bb{}\u00bb][et_pb_image src=\u00bbhttps:\/\/www.varcolor.it\/wp-content\/uploads\/sites\/16\/2021\/07\/arredamento-commerciale.jpg\u00bb title_text=\u00bbarredamento-commerciale\u00bb _builder_version=\u00bb4.15.1&#8243; global_colors_info=\u00bb{}\u00bb][\/et_pb_image][\/et_pb_column][et_pb_column type=\u00bb1_2&#8243; _builder_version=\u00bb4.15&#8243; global_colors_info=\u00bb{}\u00bb][et_pb_text _builder_version=\u00bb4.15.1&#8243; global_colors_info=\u00bb{}\u00bb]<\/p>\n<p>Los productos recubiertos de Varcolor responden perfectamente a las diferentes necesidades del sector, ofreciendo una amplia gama de colores y acabados, incluyendo la serie de acabados \u201csimil-inox\u201d.<\/p>\n<p>Adem\u00e1s de satisfacer cualquier requisito est\u00e9tico, nuestros productos cumplen las normativas m\u00e1s estrictas con relaci\u00f3n a toxicidad, propagaci\u00f3n de la llama y f\u00e1cil limpieza. Nuestro personal t\u00e9cnico-comercial est\u00e1 a su entera disposici\u00f3n para estudiar juntos la soluci\u00f3n m\u00e1s adecuada a todas sus ideas.<\/p>\n<p>[\/et_pb_text][\/et_pb_column][\/et_pb_row][\/et_pb_section][et_pb_section fb_built=\u00bb1&#8243; _builder_version=\u00bb4.15&#8243; background_color=\u00bb#f2f2f2&#8243; da_disable_devices=\u00bboff|off|off\u00bb locked=\u00bboff\u00bb global_colors_info=\u00bb{}\u00bb da_is_popup=\u00bboff\u00bb da_exit_intent=\u00bboff\u00bb da_has_close=\u00bbon\u00bb da_alt_close=\u00bboff\u00bb da_dark_close=\u00bboff\u00bb da_not_modal=\u00bbon\u00bb da_is_singular=\u00bboff\u00bb da_with_loader=\u00bboff\u00bb da_has_shadow=\u00bbon\u00bb][et_pb_row _builder_version=\u00bb4.15&#8243; custom_padding=\u00bb0px||||false|false\u00bb global_colors_info=\u00bb{}\u00bb][et_pb_column type=\u00bb4_4&#8243; _builder_version=\u00bb4.15&#8243; global_colors_info=\u00bb{}\u00bb][et_pb_text _builder_version=\u00bb4.15.1&#8243; header_3_font=\u00bb|600||on|||||\u00bb header_3_text_align=\u00bbcenter\u00bb global_colors_info=\u00bb{}\u00bb]<\/p>\n<h3>Relaci\u00f3n de productos aplicables<\/h3>\n<p>[\/et_pb_text][\/et_pb_column][\/et_pb_row][et_pb_row column_structure=\u00bb1_5,1_5,1_5,1_5,1_5&#8243; use_custom_gutter=\u00bbon\u00bb gutter_width=\u00bb2&#8243; make_equal=\u00bbon\u00bb _builder_version=\u00bb4.15&#8243; width=\u00bb90%\u00bb max_width=\u00bb2560px\u00bb custom_margin=\u00bb0px||0px||true|false\u00bb custom_padding=\u00bb0px||0px||true|false\u00bb global_colors_info=\u00bb{}\u00bb][et_pb_column type=\u00bb1_5&#8243; _builder_version=\u00bb4.15&#8243; global_colors_info=\u00bb{}\u00bb][et_pb_text module_class=\u00bbbox-link-footer\u00bb _builder_version=\u00bb4.15.1&#8243; _dynamic_attributes=\u00bblink_option_url\u00bb text_text_color=\u00bb#202448&#8243; text_font_size=\u00bb13px\u00bb text_line_height=\u00bb1.3em\u00bb header_3_font=\u00bb|700|||||||\u00bb header_3_text_color=\u00bb#D4B061&#8243; background_color=\u00bb#ffffff\u00bb text_orientation=\u00bbcenter\u00bb custom_padding=\u00bb20px|20px|20px|20px|true|true\u00bb link_option_url=\u00bb@ET-DC@eyJkeW5hbWljIjp0cnVlLCJjb250ZW50IjoicG9zdF9saW5rX3VybF9wYWdlIiwic2V0dGluZ3MiOnsicG9zdF9pZCI6IjM0MjU4MCJ9fQ==@\u00bb hover_enabled=\u00bb0&#8243; custom_css_main_element=\u00bbheight: 100%;\u00bb border_radii=\u00bbon|5px|5px|5px|5px\u00bb locked=\u00bboff\u00bb global_colors_info=\u00bb{}\u00bb background_color__hover=\u00bb#D4B061&#8243; background_enable_color__hover=\u00bbon\u00bb header_3_text_color__hover_enabled=\u00bbon|hover\u00bb header_3_text_color__hover=\u00bb#ffffff\u00bb text_text_color__hover_enabled=\u00bbon|hover\u00bb text_text_color__hover=\u00bb#ffffff\u00bb background__hover_enabled=\u00bbon|desktop\u00bb sticky_enabled=\u00bb0&#8243;]<\/p>\n<h3>VAR<span class=\"var-product\">HD<sup>+<\/sup><\/span><\/h3>\n<p>Recubrimiento prelacado <br \/>con pintura superpoli\u00e9ster<\/p>\n<p>[\/et_pb_text][\/et_pb_column][et_pb_column type=\u00bb1_5&#8243; _builder_version=\u00bb4.15&#8243; global_colors_info=\u00bb{}\u00bb][et_pb_text module_class=\u00bbbox-link-footer\u00bb _builder_version=\u00bb4.15.1&#8243; _dynamic_attributes=\u00bblink_option_url\u00bb text_text_color=\u00bb#202448&#8243; text_font_size=\u00bb13px\u00bb text_line_height=\u00bb1.3em\u00bb header_3_font=\u00bb|700|||||||\u00bb header_3_text_color=\u00bb#ef8219&#8243; background_color=\u00bb#ffffff\u00bb text_orientation=\u00bbcenter\u00bb custom_padding=\u00bb20px|20px|20px|20px|true|true\u00bb link_option_url=\u00bb@ET-DC@eyJkeW5hbWljIjp0cnVlLCJjb250ZW50IjoicG9zdF9saW5rX3VybF9wYWdlIiwic2V0dGluZ3MiOnsicG9zdF9pZCI6IjEwNSJ9fQ==@\u00bb custom_css_main_element=\u00bbheight: 100%;\u00bb border_radii=\u00bbon|5px|5px|5px|5px\u00bb global_colors_info=\u00bb{}\u00bb background__hover_enabled=\u00bbon|hover\u00bb background_color__hover=\u00bb#EF8219&#8243; background_enable_color__hover=\u00bbon\u00bb header_3_text_color__hover_enabled=\u00bbon|hover\u00bb header_3_text_color__hover=\u00bb#ffffff\u00bb text_text_color__hover_enabled=\u00bbon|hover\u00bb text_text_color__hover=\u00bb#ffffff\u00bb custom_css_main_element__hover_enabled=\u00bbon|hover\u00bb custom_css_main_element__hover=\u00bbheight: 100%;\u00bb]<\/p>\n<h3>VAR<span class=\"var-product\">pvc<\/span><\/h3>\n<p>Recubrimiento <br \/>con film de PVC<\/p>\n<p>[\/et_pb_text][\/et_pb_column][et_pb_column type=\u00bb1_5&#8243; _builder_version=\u00bb4.15&#8243; global_colors_info=\u00bb{}\u00bb][et_pb_text module_class=\u00bbbox-link-footer\u00bb _builder_version=\u00bb4.15.1&#8243; _dynamic_attributes=\u00bblink_option_url\u00bb text_text_color=\u00bb#202448&#8243; text_font_size=\u00bb13px\u00bb text_line_height=\u00bb1.3em\u00bb header_3_font=\u00bb|700|||||||\u00bb header_3_text_color=\u00bb#CF1316&#8243; background_color=\u00bb#ffffff\u00bb text_orientation=\u00bbcenter\u00bb custom_padding=\u00bb20px|20px|20px|20px|true|true\u00bb link_option_url=\u00bb@ET-DC@eyJkeW5hbWljIjp0cnVlLCJjb250ZW50IjoicG9zdF9saW5rX3VybF9wYWdlIiwic2V0dGluZ3MiOnsicG9zdF9pZCI6IjMzNTA3MCJ9fQ==@\u00bb custom_css_main_element=\u00bbheight: 100%;\u00bb border_radii=\u00bbon|5px|5px|5px|5px\u00bb global_colors_info=\u00bb{}\u00bb background__hover_enabled=\u00bbon|hover\u00bb background_color__hover=\u00bb#CF1316&#8243; background_enable_color__hover=\u00bbon\u00bb header_3_text_color__hover_enabled=\u00bbon|hover\u00bb header_3_text_color__hover=\u00bb#ffffff\u00bb text_text_color__hover_enabled=\u00bbon|hover\u00bb text_text_color__hover=\u00bb#ffffff\u00bb]<\/p>\n<h3>VAR<span class=\"var-product\">ver<\/span><\/h3>\n<p>Recubrimiento <br \/>prelacado<\/p>\n<p>[\/et_pb_text][\/et_pb_column][et_pb_column type=\u00bb1_5&#8243; _builder_version=\u00bb4.15&#8243; global_colors_info=\u00bb{}\u00bb][et_pb_text module_class=\u00bbbox-link-footer\u00bb _builder_version=\u00bb4.15.1&#8243; _dynamic_attributes=\u00bblink_option_url\u00bb text_text_color=\u00bb#202448&#8243; text_font_size=\u00bb13px\u00bb text_line_height=\u00bb1.3em\u00bb header_3_font=\u00bb|700|||||||\u00bb header_3_text_color=\u00bb#FFD404&#8243; background_color=\u00bb#ffffff\u00bb text_orientation=\u00bbcenter\u00bb custom_padding=\u00bb20px|20px|20px|20px|true|true\u00bb link_option_url=\u00bb@ET-DC@eyJkeW5hbWljIjp0cnVlLCJjb250ZW50IjoicG9zdF9saW5rX3VybF9wYWdlIiwic2V0dGluZ3MiOnsicG9zdF9pZCI6IjMzNTA3OCJ9fQ==@\u00bb custom_css_main_element=\u00bbheight: 100%;\u00bb border_radii=\u00bbon|5px|5px|5px|5px\u00bb global_colors_info=\u00bb{}\u00bb background__hover_enabled=\u00bbon|desktop\u00bb background_color__hover=\u00bb#FFD404&#8243; background_enable_color__hover=\u00bbon\u00bb header_3_text_color__hover_enabled=\u00bbon|hover\u00bb header_3_text_color__hover=\u00bb#ffffff\u00bb text_text_color__hover_enabled=\u00bbon|hover\u00bb text_text_color__hover=\u00bb#ffffff\u00bb]<\/p>\n<h3>VAR<span class=\"var-product\">pet<\/span><\/h3>\n<p>Recubrimiento <br \/>con film PET<\/p>\n<p>[\/et_pb_text][\/et_pb_column][et_pb_column type=\u00bb1_5&#8243; _builder_version=\u00bb4.15&#8243; global_colors_info=\u00bb{}\u00bb][et_pb_text module_class=\u00bbbox-link-footer\u00bb _builder_version=\u00bb4.15.1&#8243; _dynamic_attributes=\u00bblink_option_url\u00bb text_text_color=\u00bb#202448&#8243; text_font_size=\u00bb13px\u00bb text_line_height=\u00bb1.3em\u00bb header_3_font=\u00bb|700|||||||\u00bb header_3_text_color=\u00bb#BFCDD2&#8243; background_color=\u00bb#ffffff\u00bb text_orientation=\u00bbcenter\u00bb custom_padding=\u00bb20px|20px|20px|20px|true|true\u00bb link_option_url=\u00bb@ET-DC@eyJkeW5hbWljIjp0cnVlLCJjb250ZW50IjoicG9zdF9saW5rX3VybF9wYWdlIiwic2V0dGluZ3MiOnsicG9zdF9pZCI6IjMzNTA4NiJ9fQ==@\u00bb custom_css_main_element=\u00bbheight: 100%;\u00bb border_radii=\u00bbon|5px|5px|5px|5px\u00bb global_colors_info=\u00bb{}\u00bb background__hover_enabled=\u00bbon|desktop\u00bb background_color__hover=\u00bb#BFCDD2&#8243; background_enable_color__hover=\u00bbon\u00bb header_3_text_color__hover_enabled=\u00bbon|hover\u00bb header_3_text_color__hover=\u00bb#ffffff\u00bb text_text_color__hover_enabled=\u00bbon|hover\u00bb text_text_color__hover=\u00bb#ffffff\u00bb]<\/p>\n<h3>VAR<span class=\"var-product\">inox<\/span><\/h3>\n<p>Recubrimiento especial <br \/>para acero inox<\/p>\n<p>[\/et_pb_text][\/et_pb_column][\/et_pb_row][et_pb_row _builder_version=\u00bb4.15.1&#8243; _module_preset=\u00bbdefault\u00bb locked=\u00bboff\u00bb global_colors_info=\u00bb{}\u00bb][et_pb_column type=\u00bb4_4&#8243; _builder_version=\u00bb4.15.1&#8243; _module_preset=\u00bbdefault\u00bb global_colors_info=\u00bb{}\u00bb][et_pb_image src=\u00bbhttps:\/\/www.varcolor.it\/wp-content\/uploads\/sites\/16\/2023\/04\/arredamento-ES.png\u00bb title_text=\u00bbAplicaciones en mobiliario comercial\u00bb align=\u00bbcenter\u00bb admin_label=\u00bbImmagine\u00bb _builder_version=\u00bb4.15.1&#8243; _module_preset=\u00bbdefault\u00bb width=\u00bb850px\u00bb max_width=\u00bb100%\u00bb custom_margin=\u00bb30px||||false|false\u00bb global_colors_info=\u00bb{}\u00bb][\/et_pb_image][\/et_pb_column][\/et_pb_row][\/et_pb_section][et_pb_section fb_built=\u00bb1&#8243; _builder_version=\u00bb4.15&#8243; custom_margin=\u00bb0px|0px|0px|0px|true|true\u00bb custom_padding=\u00bb0px|0px|0px|0px|true|true\u00bb da_disable_devices=\u00bboff|off|off\u00bb locked=\u00bboff\u00bb global_colors_info=\u00bb{}\u00bb da_is_popup=\u00bboff\u00bb da_exit_intent=\u00bboff\u00bb da_has_close=\u00bbon\u00bb da_alt_close=\u00bboff\u00bb da_dark_close=\u00bboff\u00bb da_not_modal=\u00bbon\u00bb da_is_singular=\u00bboff\u00bb da_with_loader=\u00bboff\u00bb da_has_shadow=\u00bbon\u00bb][et_pb_row column_structure=\u00bb1_6,1_6,1_6,1_6,1_6,1_6&#8243; use_custom_gutter=\u00bbon\u00bb gutter_width=\u00bb1&#8243; _builder_version=\u00bb4.15&#8243; width=\u00bb100%\u00bb max_width=\u00bb2560px\u00bb custom_margin=\u00bb0px|0px|0px|0px|true|true\u00bb custom_padding=\u00bb0px|0px|0px|0px|true|true\u00bb global_colors_info=\u00bb{}\u00bb][et_pb_column type=\u00bb1_6&#8243; _builder_version=\u00bb4.15&#8243; global_colors_info=\u00bb{}\u00bb][et_pb_image src=\u00bbhttps:\/\/www.varcolor.it\/wp-content\/uploads\/sites\/16\/2021\/09\/box-arredamento-commerciale-01.jpg\u00bb title_text=\u00bbbox-arredamento-commerciale-01&#8243; show_bottom_space=\u00bboff\u00bb _builder_version=\u00bb4.15&#8243; global_colors_info=\u00bb{}\u00bb][\/et_pb_image][\/et_pb_column][et_pb_column type=\u00bb1_6&#8243; _builder_version=\u00bb4.15&#8243; global_colors_info=\u00bb{}\u00bb][et_pb_image src=\u00bbhttps:\/\/www.varcolor.it\/wp-content\/uploads\/sites\/16\/2021\/09\/box-arredamento-commerciale-02.jpg\u00bb title_text=\u00bbbox-arredamento-commerciale-02&#8243; show_bottom_space=\u00bboff\u00bb _builder_version=\u00bb4.15&#8243; global_colors_info=\u00bb{}\u00bb][\/et_pb_image][\/et_pb_column][et_pb_column type=\u00bb1_6&#8243; _builder_version=\u00bb4.15&#8243; global_colors_info=\u00bb{}\u00bb][et_pb_image src=\u00bbhttps:\/\/www.varcolor.it\/wp-content\/uploads\/sites\/16\/2021\/09\/box-arredamento-commerciale-03.jpg\u00bb title_text=\u00bbbox-arredamento-commerciale-03&#8243; show_bottom_space=\u00bboff\u00bb _builder_version=\u00bb4.15&#8243; global_colors_info=\u00bb{}\u00bb][\/et_pb_image][\/et_pb_column][et_pb_column type=\u00bb1_6&#8243; _builder_version=\u00bb4.15&#8243; global_colors_info=\u00bb{}\u00bb][et_pb_image src=\u00bbhttps:\/\/www.varcolor.it\/wp-content\/uploads\/sites\/16\/2021\/09\/box-arredamento-commerciale-04.jpg\u00bb title_text=\u00bbbox-arredamento-commerciale-04&#8243; show_bottom_space=\u00bboff\u00bb _builder_version=\u00bb4.15&#8243; global_colors_info=\u00bb{}\u00bb][\/et_pb_image][\/et_pb_column][et_pb_column type=\u00bb1_6&#8243; _builder_version=\u00bb4.15&#8243; global_colors_info=\u00bb{}\u00bb][et_pb_image src=\u00bbhttps:\/\/www.varcolor.it\/wp-content\/uploads\/sites\/16\/2021\/09\/box-arredamento-commerciale-05.jpg\u00bb title_text=\u00bbbox-arredamento-commerciale-05&#8243; show_bottom_space=\u00bboff\u00bb _builder_version=\u00bb4.15&#8243; global_colors_info=\u00bb{}\u00bb][\/et_pb_image][\/et_pb_column][et_pb_column type=\u00bb1_6&#8243; _builder_version=\u00bb4.15&#8243; global_colors_info=\u00bb{}\u00bb][et_pb_image src=\u00bbhttps:\/\/www.varcolor.it\/wp-content\/uploads\/sites\/16\/2021\/09\/box-arredamento-commerciale-06.jpg\u00bb title_text=\u00bbbox-arredamento-commerciale-06&#8243; show_bottom_space=\u00bboff\u00bb _builder_version=\u00bb4.15&#8243; global_colors_info=\u00bb{}\u00bb][\/et_pb_image][\/et_pb_column][\/et_pb_row][\/et_pb_section]<\/p>\n","protected":false},"excerpt":{"rendered":"<p>Aplicaciones en mobiliario comercialLos productos recubiertos de Varcolor responden perfectamente a las diferentes necesidades del sector, ofreciendo una amplia gama de colores y acabados, incluyendo la serie de acabados \u201csimil-inox\u201d. Adem\u00e1s de satisfacer cualquier requisito est\u00e9tico, nuestros productos cumplen las normativas m\u00e1s estrictas con relaci\u00f3n a toxicidad, propagaci\u00f3n de la llama y f\u00e1cil limpieza. Nuestro [&hellip;]<\/p>\n","protected":false},"author":3,"featured_media":0,"parent":0,"menu_order":0,"comment_status":"closed","ping_status":"closed","template":"","meta":{"_et_pb_use_builder":"on","_et_pb_old_content":"","_et_gb_content_width":"","inline_featured_image":false,"ngg_post_thumbnail":0},"_links":{"self":[{"href":"https:\/\/www.varcolor.it\/es\/wp-json\/wp\/v2\/pages\/338698"}],"collection":[{"href":"https:\/\/www.varcolor.it\/es\/wp-json\/wp\/v2\/pages"}],"about":[{"href":"https:\/\/www.varcolor.it\/es\/wp-json\/wp\/v2\/types\/page"}],"author":[{"embeddable":true,"href":"https:\/\/www.varcolor.it\/es\/wp-json\/wp\/v2\/users\/3"}],"replies":[{"embeddable":true,"href":"https:\/\/www.varcolor.it\/es\/wp-json\/wp\/v2\/comments?post=338698"}],"version-history":[{"count":3,"href":"https:\/\/www.varcolor.it\/es\/wp-json\/wp\/v2\/pages\/338698\/revisions"}],"predecessor-version":[{"id":342740,"href":"https:\/\/www.varcolor.it\/es\/wp-json\/wp\/v2\/pages\/338698\/revisions\/342740"}],"wp:attachment":[{"href":"https:\/\/www.varcolor.it\/es\/wp-json\/wp\/v2\/media?parent=338698"}],"curies":[{"name":"wp","href":"https:\/\/api.w.org\/{rel}","templated":true}]}}