{"id":340576,"date":"2023-12-05T17:56:05","date_gmt":"2023-12-05T16:56:05","guid":{"rendered":"https:\/\/www.varcolor.it\/?page_id=340576"},"modified":"2025-10-07T09:17:14","modified_gmt":"2025-10-07T07:17:14","slug":"sector-de-los-electrodomesticos","status":"publish","type":"page","link":"https:\/\/www.varcolor.it\/es\/sector-de-los-electrodomesticos\/","title":{"rendered":"Sector de los electrodom\u00e9sticos"},"content":{"rendered":"<p>[et_pb_section fb_built=\u00bb1&#8243; _builder_version=\u00bb4.15&#8243; background_color=\u00bb#e5e5e5&#8243; custom_padding=\u00bb20px||20px||true|false\u00bb da_disable_devices=\u00bboff|off|off\u00bb locked=\u00bboff\u00bb global_colors_info=\u00bb{}\u00bb da_is_popup=\u00bboff\u00bb da_exit_intent=\u00bboff\u00bb da_has_close=\u00bbon\u00bb da_alt_close=\u00bboff\u00bb da_dark_close=\u00bboff\u00bb da_not_modal=\u00bbon\u00bb da_is_singular=\u00bboff\u00bb da_with_loader=\u00bboff\u00bb da_has_shadow=\u00bbon\u00bb][et_pb_row _builder_version=\u00bb4.15&#8243; custom_margin=\u00bb0px||0px||true|false\u00bb custom_padding=\u00bb10px||10px||true|false\u00bb global_colors_info=\u00bb{}\u00bb][et_pb_column type=\u00bb4_4&#8243; _builder_version=\u00bb4.15&#8243; global_colors_info=\u00bb{}\u00bb][et_pb_text _builder_version=\u00bb4.15.1&#8243; text_font=\u00bb||||||||\u00bb header_font=\u00bb|||on|||||\u00bb header_text_color=\u00bb#202448&#8243; header_font_size=\u00bb40px\u00bb header_line_height=\u00bb1.3em\u00bb header_2_font_size=\u00bb24px\u00bb header_2_line_height=\u00bb1.3em\u00bb text_orientation=\u00bbcenter\u00bb background_layout=\u00bbdark\u00bb global_colors_info=\u00bb{}\u00bb]<\/p>\n<h1>Aplicaciones para el sector de los electrodom\u00e9sticos<\/h1>\n<p>[\/et_pb_text][\/et_pb_column][\/et_pb_row][\/et_pb_section][et_pb_section fb_built=\u00bb1&#8243; _builder_version=\u00bb4.15&#8243; da_disable_devices=\u00bboff|off|off\u00bb global_colors_info=\u00bb{}\u00bb da_is_popup=\u00bboff\u00bb da_exit_intent=\u00bboff\u00bb da_has_close=\u00bbon\u00bb da_alt_close=\u00bboff\u00bb da_dark_close=\u00bboff\u00bb da_not_modal=\u00bbon\u00bb da_is_singular=\u00bboff\u00bb da_with_loader=\u00bboff\u00bb da_has_shadow=\u00bbon\u00bb][et_pb_row column_structure=\u00bb1_2,1_2&#8243; make_equal=\u00bbon\u00bb _builder_version=\u00bb4.15.1&#8243; global_colors_info=\u00bb{}\u00bb][et_pb_column type=\u00bb1_2&#8243; _builder_version=\u00bb4.15&#8243; global_colors_info=\u00bb{}\u00bb][et_pb_image src=\u00bbhttps:\/\/www.varcolor.it\/wp-content\/uploads\/sites\/16\/2023\/11\/settore-elettrodomestici.jpg\u00bb title_text=\u00bbsettore-elettrodomestici\u00bb _builder_version=\u00bb4.15.1&#8243; _module_preset=\u00bbdefault\u00bb global_colors_info=\u00bb{}\u00bb][\/et_pb_image][\/et_pb_column][et_pb_column type=\u00bb1_2&#8243; _builder_version=\u00bb4.15&#8243; global_colors_info=\u00bb{}\u00bb][et_pb_text _builder_version=\u00bb4.15.1&#8243; global_colors_info=\u00bb{}\u00bb]<\/p>\n<p>Color e innovaci\u00f3n: es el credo por el que Varcolor se gu\u00eda y que le convierte en uno de los interlocutores principales en el sector del acero y aluminio, prerecubierto.<\/p>\n<p>La gama amplia y la alta calidad de los productos permiten crear soluciones sumamente personalizadas, que siguen el ritmo de la evoluci\u00f3n tecnol\u00f3gica, demandada por el sector de los electrodom\u00e9sticos, y apostando, principalmente, por la satisfacci\u00f3n del cliente.<\/p>\n<p>Las familias de producto&nbsp;<span class=\"varprod\"><sub>VAR<\/sub>HD<\/span><sup>+<\/sup>, <span class=\"varprod\"><sub>VAR<\/sub>VER<\/span>, <span class=\"varprod\"><sub>VAR<\/sub>PET<\/span> y <span class=\"varprod\"><sub>VAR<\/sub>INOX <\/span>elevan desde el punto de vista t\u00e9cnico y est\u00e9tico la oferta de acero prerecubierto.<\/p>\n<p>La oferta de Varcolor es \u00f3ptima para satisfacer los est\u00e1ndares elevados del sector con la alta calidad de los materiales de base y los numerosos colores y acabados a elecci\u00f3n.<\/p>\n<p>[\/et_pb_text][\/et_pb_column][\/et_pb_row][\/et_pb_section][et_pb_section fb_built=\u00bb1&#8243; _builder_version=\u00bb4.15&#8243; background_color=\u00bb#f2f2f2&#8243; da_disable_devices=\u00bboff|off|off\u00bb locked=\u00bboff\u00bb global_colors_info=\u00bb{}\u00bb da_is_popup=\u00bboff\u00bb da_exit_intent=\u00bboff\u00bb da_has_close=\u00bbon\u00bb da_alt_close=\u00bboff\u00bb da_dark_close=\u00bboff\u00bb da_not_modal=\u00bbon\u00bb da_is_singular=\u00bboff\u00bb da_with_loader=\u00bboff\u00bb da_has_shadow=\u00bbon\u00bb][et_pb_row _builder_version=\u00bb4.15&#8243; custom_padding=\u00bb0px||||false|false\u00bb global_colors_info=\u00bb{}\u00bb][et_pb_column type=\u00bb4_4&#8243; _builder_version=\u00bb4.15&#8243; global_colors_info=\u00bb{}\u00bb][et_pb_text _builder_version=\u00bb4.15.1&#8243; header_3_font=\u00bb|600||on|||||\u00bb header_3_text_align=\u00bbcenter\u00bb global_colors_info=\u00bb{}\u00bb]<\/p>\n<h3>Relaci\u00f3n de productos aplicables<\/h3>\n<p>[\/et_pb_text][\/et_pb_column][\/et_pb_row][et_pb_row column_structure=\u00bb1_4,1_4,1_4,1_4&#8243; use_custom_gutter=\u00bbon\u00bb gutter_width=\u00bb2&#8243; make_equal=\u00bbon\u00bb _builder_version=\u00bb4.15.1&#8243; width=\u00bb90%\u00bb max_width=\u00bb2560px\u00bb custom_margin=\u00bb0px||0px||true|false\u00bb custom_padding=\u00bb0px||0px||true|false\u00bb global_colors_info=\u00bb{}\u00bb][et_pb_column type=\u00bb1_4&#8243; _builder_version=\u00bb4.15.1&#8243; _module_preset=\u00bbdefault\u00bb global_colors_info=\u00bb{}\u00bb][et_pb_text module_class=\u00bbbox-link-footer\u00bb _builder_version=\u00bb4.15.1&#8243; _dynamic_attributes=\u00bblink_option_url\u00bb text_text_color=\u00bb#202448&#8243; text_font_size=\u00bb13px\u00bb text_line_height=\u00bb1.3em\u00bb header_3_font=\u00bb|700|||||||\u00bb header_3_text_color=\u00bb#D4B061&#8243; background_color=\u00bb#ffffff\u00bb text_orientation=\u00bbcenter\u00bb custom_padding=\u00bb20px|20px|20px|20px|true|true\u00bb link_option_url=\u00bb@ET-DC@eyJkeW5hbWljIjp0cnVlLCJjb250ZW50IjoicG9zdF9saW5rX3VybF9wYWdlIiwic2V0dGluZ3MiOnsicG9zdF9pZCI6IjM0MjU4MCJ9fQ==@\u00bb custom_css_main_element=\u00bbheight: 100%;\u00bb border_radii=\u00bbon|5px|5px|5px|5px\u00bb global_colors_info=\u00bb{}\u00bb background_color__hover=\u00bb#D4B061&#8243; background_enable_color__hover=\u00bbon\u00bb header_3_text_color__hover_enabled=\u00bbon|hover\u00bb header_3_text_color__hover=\u00bb#ffffff\u00bb text_text_color__hover_enabled=\u00bbon|hover\u00bb text_text_color__hover=\u00bb#ffffff\u00bb background__hover_enabled=\u00bbon|desktop\u00bb]<\/p>\n<h3>VAR<span class=\"var-product\">HD<sup>+<\/sup><\/span><\/h3>\n<p>Recubrimiento prelacado con pintura superpoli\u00e9ster<\/p>\n<p>[\/et_pb_text][\/et_pb_column][et_pb_column type=\u00bb1_4&#8243; _builder_version=\u00bb4.15&#8243; global_colors_info=\u00bb{}\u00bb][et_pb_text module_class=\u00bbbox-link-footer\u00bb _builder_version=\u00bb4.15.1&#8243; _dynamic_attributes=\u00bblink_option_url\u00bb text_text_color=\u00bb#202448&#8243; text_font_size=\u00bb13px\u00bb text_line_height=\u00bb1.3em\u00bb header_3_font=\u00bb|700|||||||\u00bb header_3_text_color=\u00bb#CF1316&#8243; background_color=\u00bb#ffffff\u00bb text_orientation=\u00bbcenter\u00bb custom_padding=\u00bb20px|20px|20px|20px|true|true\u00bb link_option_url=\u00bb@ET-DC@eyJkeW5hbWljIjp0cnVlLCJjb250ZW50IjoicG9zdF9saW5rX3VybF9wYWdlIiwic2V0dGluZ3MiOnsicG9zdF9pZCI6IjMzNTA3MCJ9fQ==@\u00bb custom_css_main_element=\u00bbheight: 100%;\u00bb border_radii=\u00bbon|5px|5px|5px|5px\u00bb global_colors_info=\u00bb{}\u00bb background__hover_enabled=\u00bbon|hover\u00bb background_color__hover=\u00bb#CF1316&#8243; background_enable_color__hover=\u00bbon\u00bb header_3_text_color__hover_enabled=\u00bbon|hover\u00bb header_3_text_color__hover=\u00bb#ffffff\u00bb text_text_color__hover_enabled=\u00bbon|hover\u00bb text_text_color__hover=\u00bb#ffffff\u00bb]<\/p>\n<h3>VAR<span class=\"var-product\">ver<\/span><\/h3>\n<p>Recubrimiento <br \/>prelacado<\/p>\n<p>[\/et_pb_text][\/et_pb_column][et_pb_column type=\u00bb1_4&#8243; _builder_version=\u00bb4.15&#8243; global_colors_info=\u00bb{}\u00bb][et_pb_text module_class=\u00bbbox-link-footer\u00bb _builder_version=\u00bb4.15.1&#8243; _dynamic_attributes=\u00bblink_option_url\u00bb text_text_color=\u00bb#202448&#8243; text_font_size=\u00bb13px\u00bb text_line_height=\u00bb1.3em\u00bb header_3_font=\u00bb|700|||||||\u00bb header_3_text_color=\u00bb#FFD404&#8243; background_color=\u00bb#ffffff\u00bb text_orientation=\u00bbcenter\u00bb custom_padding=\u00bb20px|20px|20px|20px|true|true\u00bb link_option_url=\u00bb@ET-DC@eyJkeW5hbWljIjp0cnVlLCJjb250ZW50IjoicG9zdF9saW5rX3VybF9wYWdlIiwic2V0dGluZ3MiOnsicG9zdF9pZCI6IjMzNTA3OCJ9fQ==@\u00bb custom_css_main_element=\u00bbheight: 100%;\u00bb border_radii=\u00bbon|5px|5px|5px|5px\u00bb locked=\u00bboff\u00bb global_colors_info=\u00bb{}\u00bb background__hover_enabled=\u00bbon|desktop\u00bb background_color__hover=\u00bb#FFD404&#8243; background_enable_color__hover=\u00bbon\u00bb header_3_text_color__hover_enabled=\u00bbon|hover\u00bb header_3_text_color__hover=\u00bb#ffffff\u00bb text_text_color__hover_enabled=\u00bbon|hover\u00bb text_text_color__hover=\u00bb#ffffff\u00bb]<\/p>\n<h3>VAR<span class=\"var-product\">pet<\/span><\/h3>\n<p>Recubrimiento <br \/>con film PET<\/p>\n<p>[\/et_pb_text][\/et_pb_column][et_pb_column type=\u00bb1_4&#8243; _builder_version=\u00bb4.15.1&#8243; _module_preset=\u00bbdefault\u00bb global_colors_info=\u00bb{}\u00bb][et_pb_text module_class=\u00bbbox-link-footer\u00bb _builder_version=\u00bb4.15.1&#8243; _dynamic_attributes=\u00bblink_option_url\u00bb text_text_color=\u00bb#202448&#8243; text_font_size=\u00bb13px\u00bb text_line_height=\u00bb1.3em\u00bb header_3_font=\u00bb|700|||||||\u00bb header_3_text_color=\u00bb#BFCDD2&#8243; background_color=\u00bb#ffffff\u00bb text_orientation=\u00bbcenter\u00bb custom_padding=\u00bb20px|20px|20px|20px|true|true\u00bb link_option_url=\u00bb@ET-DC@eyJkeW5hbWljIjp0cnVlLCJjb250ZW50IjoicG9zdF9saW5rX3VybF9wYWdlIiwic2V0dGluZ3MiOnsicG9zdF9pZCI6IjMzNTA4NiJ9fQ==@\u00bb hover_enabled=\u00bb0&#8243; custom_css_main_element=\u00bbheight: 100%;\u00bb border_radii=\u00bbon|5px|5px|5px|5px\u00bb locked=\u00bboff\u00bb global_colors_info=\u00bb{}\u00bb background__hover_enabled=\u00bbon|desktop\u00bb background_color__hover=\u00bb#BFCDD2&#8243; background_enable_color__hover=\u00bbon\u00bb header_3_text_color__hover_enabled=\u00bbon|hover\u00bb header_3_text_color__hover=\u00bb#ffffff\u00bb text_text_color__hover_enabled=\u00bbon|hover\u00bb text_text_color__hover=\u00bb#ffffff\u00bb sticky_enabled=\u00bb0&#8243;]<\/p>\n<h3>VAR<span class=\"var-product\">inox<\/span><\/h3>\n<p>Recubrimiento especial<br \/>\npara acero inox[\/et_pb_text][\/et_pb_column][\/et_pb_row][et_pb_row disabled_on=\u00bbon|on|on\u00bb _builder_version=\u00bb4.15.1&#8243; _module_preset=\u00bbdefault\u00bb disabled=\u00bbon\u00bb global_colors_info=\u00bb{}\u00bb][et_pb_column type=\u00bb4_4&#8243; _builder_version=\u00bb4.15.1&#8243; _module_preset=\u00bbdefault\u00bb global_colors_info=\u00bb{}\u00bb][et_pb_image src=\u00bbdata:image\/svg+xml;base64,PHN2ZyB3aWR0aD0iMTA4MCIgaGVpZ2h0PSI1NDAiIHZpZXdCb3g9IjAgMCAxMDgwIDU0MCIgeG1sbnM9Imh0dHA6Ly93d3cudzMub3JnLzIwMDAvc3ZnIj4KICAgIDxnIGZpbGw9Im5vbmUiIGZpbGwtcnVsZT0iZXZlbm9kZCI+CiAgICAgICAgPHBhdGggZmlsbD0iI0VCRUJFQiIgZD0iTTAgMGgxMDgwdjU0MEgweiIvPgogICAgICAgIDxwYXRoIGQ9Ik00NDUuNjQ5IDU0MGgtOTguOTk1TDE0NC42NDkgMzM3Ljk5NSAwIDQ4Mi42NDR2LTk4Ljk5NWwxMTYuMzY1LTExNi4zNjVjMTUuNjItMTUuNjIgNDAuOTQ3LTE1LjYyIDU2LjU2OCAwTDQ0NS42NSA1NDB6IiBmaWxsLW9wYWNpdHk9Ii4xIiBmaWxsPSIjMDAwIiBmaWxsLXJ1bGU9Im5vbnplcm8iLz4KICAgICAgICA8Y2lyY2xlIGZpbGwtb3BhY2l0eT0iLjA1IiBmaWxsPSIjMDAwIiBjeD0iMzMxIiBjeT0iMTQ4IiByPSI3MCIvPgogICAgICAgIDxwYXRoIGQ9Ik0xMDgwIDM3OXYxMTMuMTM3TDcyOC4xNjIgMTQwLjMgMzI4LjQ2MiA1NDBIMjE1LjMyNEw2OTkuODc4IDU1LjQ0NmMxNS42Mi0xNS42MiA0MC45NDgtMTUuNjIgNTYuNTY4IDBMMTA4MCAzNzl6IiBmaWxsLW9wYWNpdHk9Ii4yIiBmaWxsPSIjMDAwIiBmaWxsLXJ1bGU9Im5vbnplcm8iLz4KICAgIDwvZz4KPC9zdmc+Cg==\u00bb align=\u00bbcenter\u00bb _builder_version=\u00bb4.15.1&#8243; _module_preset=\u00bbdefault\u00bb width=\u00bb850px\u00bb max_width=\u00bb100%\u00bb custom_margin=\u00bb30px||||false|false\u00bb global_colors_info=\u00bb{}\u00bb][\/et_pb_image][\/et_pb_column][\/et_pb_row][\/et_pb_section][et_pb_section fb_built=\u00bb1&#8243; _builder_version=\u00bb4.15&#8243; custom_margin=\u00bb0px|0px|0px|0px|true|true\u00bb custom_padding=\u00bb0px|0px|0px|0px|true|true\u00bb da_disable_devices=\u00bboff|off|off\u00bb global_colors_info=\u00bb{}\u00bb da_is_popup=\u00bboff\u00bb da_exit_intent=\u00bboff\u00bb da_has_close=\u00bbon\u00bb da_alt_close=\u00bboff\u00bb da_dark_close=\u00bboff\u00bb da_not_modal=\u00bbon\u00bb da_is_singular=\u00bboff\u00bb da_with_loader=\u00bboff\u00bb da_has_shadow=\u00bbon\u00bb][et_pb_row column_structure=\u00bb1_5,1_5,1_5,1_5,1_5&#8243; use_custom_gutter=\u00bbon\u00bb gutter_width=\u00bb1&#8243; _builder_version=\u00bb4.15.1&#8243; width=\u00bb100%\u00bb max_width=\u00bb2560px\u00bb custom_margin=\u00bb0px|0px|0px|0px|true|true\u00bb custom_padding=\u00bb0px|0px|0px|0px|true|true\u00bb global_colors_info=\u00bb{}\u00bb][et_pb_column type=\u00bb1_5&#8243; _builder_version=\u00bb4.15&#8243; global_colors_info=\u00bb{}\u00bb][et_pb_image src=\u00bbhttps:\/\/www.varcolor.it\/wp-content\/uploads\/sites\/16\/2023\/10\/box-elettrodomestici-01.jpg\u00bb title_text=\u00bbbox-elettrodomestici-01&#8243; show_bottom_space=\u00bboff\u00bb _builder_version=\u00bb4.15.1&#8243; global_colors_info=\u00bb{}\u00bb][\/et_pb_image][\/et_pb_column][et_pb_column type=\u00bb1_5&#8243; _builder_version=\u00bb4.15&#8243; global_colors_info=\u00bb{}\u00bb][et_pb_image src=\u00bbhttps:\/\/www.varcolor.it\/wp-content\/uploads\/sites\/16\/2023\/10\/box-elettrodomestici-02.jpg\u00bb title_text=\u00bbbox-elettrodomestici-02&#8243; show_bottom_space=\u00bboff\u00bb _builder_version=\u00bb4.15.1&#8243; global_colors_info=\u00bb{}\u00bb][\/et_pb_image][\/et_pb_column][et_pb_column type=\u00bb1_5&#8243; _builder_version=\u00bb4.15&#8243; global_colors_info=\u00bb{}\u00bb][et_pb_image src=\u00bbhttps:\/\/www.varcolor.it\/wp-content\/uploads\/sites\/16\/2023\/10\/box-elettrodomestici-03.jpg\u00bb title_text=\u00bbbox-elettrodomestici-03&#8243; show_bottom_space=\u00bboff\u00bb _builder_version=\u00bb4.15.1&#8243; global_colors_info=\u00bb{}\u00bb][\/et_pb_image][\/et_pb_column][et_pb_column type=\u00bb1_5&#8243; _builder_version=\u00bb4.15&#8243; global_colors_info=\u00bb{}\u00bb][et_pb_image src=\u00bbhttps:\/\/www.varcolor.it\/wp-content\/uploads\/sites\/16\/2023\/10\/box-elettrodomestici-04.jpg\u00bb title_text=\u00bbbox-elettrodomestici-04&#8243; show_bottom_space=\u00bboff\u00bb _builder_version=\u00bb4.15.1&#8243; global_colors_info=\u00bb{}\u00bb][\/et_pb_image][\/et_pb_column][et_pb_column type=\u00bb1_5&#8243; _builder_version=\u00bb4.15&#8243; global_colors_info=\u00bb{}\u00bb][et_pb_image src=\u00bbhttps:\/\/www.varcolor.it\/wp-content\/uploads\/sites\/16\/2023\/10\/box-elettrodomestici-05.jpg\u00bb title_text=\u00bbbox-elettrodomestici-05&#8243; show_bottom_space=\u00bboff\u00bb _builder_version=\u00bb4.15.1&#8243; global_colors_info=\u00bb{}\u00bb][\/et_pb_image][\/et_pb_column][\/et_pb_row][\/et_pb_section]<\/p>\n","protected":false},"excerpt":{"rendered":"<p>Aplicaciones para el sector de los electrodom\u00e9sticosColor e innovaci\u00f3n: es el credo por el que Varcolor se gu\u00eda y que le convierte en uno de los interlocutores principales en el sector del acero y aluminio, prerecubierto. La gama amplia y la alta calidad de los productos permiten crear soluciones sumamente personalizadas, que siguen el ritmo [&hellip;]<\/p>\n","protected":false},"author":3,"featured_media":0,"parent":0,"menu_order":0,"comment_status":"closed","ping_status":"closed","template":"","meta":{"_et_pb_use_builder":"on","_et_pb_old_content":"","_et_gb_content_width":"","inline_featured_image":false,"ngg_post_thumbnail":0},"_links":{"self":[{"href":"https:\/\/www.varcolor.it\/es\/wp-json\/wp\/v2\/pages\/340576"}],"collection":[{"href":"https:\/\/www.varcolor.it\/es\/wp-json\/wp\/v2\/pages"}],"about":[{"href":"https:\/\/www.varcolor.it\/es\/wp-json\/wp\/v2\/types\/page"}],"author":[{"embeddable":true,"href":"https:\/\/www.varcolor.it\/es\/wp-json\/wp\/v2\/users\/3"}],"replies":[{"embeddable":true,"href":"https:\/\/www.varcolor.it\/es\/wp-json\/wp\/v2\/comments?post=340576"}],"version-history":[{"count":2,"href":"https:\/\/www.varcolor.it\/es\/wp-json\/wp\/v2\/pages\/340576\/revisions"}],"predecessor-version":[{"id":343002,"href":"https:\/\/www.varcolor.it\/es\/wp-json\/wp\/v2\/pages\/340576\/revisions\/343002"}],"wp:attachment":[{"href":"https:\/\/www.varcolor.it\/es\/wp-json\/wp\/v2\/media?parent=340576"}],"curies":[{"name":"wp","href":"https:\/\/api.w.org\/{rel}","templated":true}]}}