{"id":341186,"date":"2023-10-31T15:56:34","date_gmt":"2023-10-31T14:56:34","guid":{"rendered":"https:\/\/www.varcolor.it\/lavora-con-noi\/"},"modified":"2023-12-05T11:25:17","modified_gmt":"2023-12-05T10:25:17","slug":"trabajar-con-nosotros","status":"publish","type":"page","link":"https:\/\/www.varcolor.it\/es\/trabajar-con-nosotros\/","title":{"rendered":"trabajar con nosotros"},"content":{"rendered":"<p>[et_pb_section fb_built=\u00bb1&#8243; fullwidth=\u00bbon\u00bb _builder_version=\u00bb4.15.1&#8243; _module_preset=\u00bbdefault\u00bb da_disable_devices=\u00bboff|off|off\u00bb global_colors_info=\u00bb{}\u00bb da_is_popup=\u00bboff\u00bb da_exit_intent=\u00bboff\u00bb da_has_close=\u00bbon\u00bb da_alt_close=\u00bboff\u00bb da_dark_close=\u00bboff\u00bb da_not_modal=\u00bbon\u00bb da_is_singular=\u00bboff\u00bb da_with_loader=\u00bboff\u00bb da_has_shadow=\u00bbon\u00bb][et_pb_fullwidth_image src=\u00bbhttps:\/\/www.varcolor.it\/wp-content\/uploads\/sites\/16\/2023\/11\/testata-lavora-con-noi.jpg\u00bb title_text=\u00bbtestata-lavora-con-noi\u00bb _builder_version=\u00bb4.15.1&#8243; _module_preset=\u00bbdefault\u00bb global_colors_info=\u00bb{}\u00bb][\/et_pb_fullwidth_image][\/et_pb_section][et_pb_section fb_built=\u00bb1&#8243; _builder_version=\u00bb4.15.1&#8243; _module_preset=\u00bbdefault\u00bb da_disable_devices=\u00bboff|off|off\u00bb global_colors_info=\u00bb{}\u00bb da_is_popup=\u00bboff\u00bb da_exit_intent=\u00bboff\u00bb da_has_close=\u00bbon\u00bb da_alt_close=\u00bboff\u00bb da_dark_close=\u00bboff\u00bb da_not_modal=\u00bbon\u00bb da_is_singular=\u00bboff\u00bb da_with_loader=\u00bboff\u00bb da_has_shadow=\u00bbon\u00bb][et_pb_row _builder_version=\u00bb4.15.1&#8243; _module_preset=\u00bbdefault\u00bb global_colors_info=\u00bb{}\u00bb][et_pb_column type=\u00bb4_4&#8243; _builder_version=\u00bb4.15.1&#8243; _module_preset=\u00bbdefault\u00bb global_colors_info=\u00bb{}\u00bb][et_pb_text _builder_version=\u00bb4.15.1&#8243; _module_preset=\u00bbdefault\u00bb hover_enabled=\u00bb0&#8243; global_colors_info=\u00bb{}\u00bb sticky_enabled=\u00bb0&#8243;]<\/p>\n<h2><strong>\u00a1Te damos la bienvenida a la secci\u00f3n \u201ctrabajar con nosotros\u201d!<\/strong><\/h2>\n<p>Varcolor Srl te brinda la oportunidad de trabajar en un ambiente, en constante evoluci\u00f3n, pero en equilibrio con los pilares fundamentales de Gruppo Gabrielli.<br \/>Si quieres formar parte del mundo Varcolor, puedes postularte cumplimentando el siguiente formulario.<br \/><strong>\u00a1Los departamentos comercial, producci\u00f3n, programaci\u00f3n, log\u00edstica o compras podr\u00edan necesitarte!<\/strong><\/p>\n<p>[\/et_pb_text][et_pb_code _builder_version=\u00bb4.15.1&#8243; _module_preset=\u00bbdefault\u00bb global_colors_info=\u00bb{}\u00bb]<\/p>\n<style><!-- [et_pb_line_break_holder] -->  .overflow-privacy {<!-- [et_pb_line_break_holder] -->    height: 200px;<!-- [et_pb_line_break_holder] -->\t\toverflow-y: auto;<!-- [et_pb_line_break_holder] -->\t\tfont-size: .8em;<!-- [et_pb_line_break_holder] -->\t\tline-height: 1.5em;<!-- [et_pb_line_break_holder] -->\t\tmargin: 5px 0 20px 0;<!-- [et_pb_line_break_holder] -->\t\tpadding: 10px 20px;<!-- [et_pb_line_break_holder] -->    background-color: #f2f2f2;<!-- [et_pb_line_break_holder] -->  }<!-- [et_pb_line_break_holder] -->  .et_pb_contact_reset {<!-- [et_pb_line_break_holder] -->    border-color: red;<!-- [et_pb_line_break_holder] -->    color: red;<!-- [et_pb_line_break_holder] -->  }<!-- [et_pb_line_break_holder] -->  .et_pb_contact_reset.et_pb_button:after {<!-- [et_pb_line_break_holder] -->    content: &#039;\\4d&#039; !important;<!-- [et_pb_line_break_holder] -->  }<!-- [et_pb_line_break_holder] -->  .et_pb_button:after {<!-- [et_pb_line_break_holder] -->    font-size: 28px;<!-- [et_pb_line_break_holder] -->  }<!-- [et_pb_line_break_holder] --><\/style>\n<p>[\/et_pb_code][et_pb_contact_form disabled_on=\u00bbon|on|on\u00bb _builder_version=\u00bb4.15.1&#8243; _module_preset=\u00bbdefault\u00bb _unique_id=\u00bb6a66854b-27a3-4d50-8dcc-20a71626efd2&#8243; disabled=\u00bbon\u00bb global_colors_info=\u00bb{}\u00bb][et_pb_contact_field field_id=\u00bbName\u00bb field_title=\u00bbNome\u00bb _builder_version=\u00bb4.15&#8243; global_colors_info=\u00bb{}\u00bb button_text_size__hover_enabled=\u00bboff\u00bb button_one_text_size__hover_enabled=\u00bboff\u00bb button_two_text_size__hover_enabled=\u00bboff\u00bb button_text_color__hover_enabled=\u00bboff\u00bb button_one_text_color__hover_enabled=\u00bboff\u00bb button_two_text_color__hover_enabled=\u00bboff\u00bb button_border_width__hover_enabled=\u00bboff\u00bb button_one_border_width__hover_enabled=\u00bboff\u00bb button_two_border_width__hover_enabled=\u00bboff\u00bb button_border_color__hover_enabled=\u00bboff\u00bb button_one_border_color__hover_enabled=\u00bboff\u00bb button_two_border_color__hover_enabled=\u00bboff\u00bb button_border_radius__hover_enabled=\u00bboff\u00bb button_one_border_radius__hover_enabled=\u00bboff\u00bb button_two_border_radius__hover_enabled=\u00bboff\u00bb button_letter_spacing__hover_enabled=\u00bboff\u00bb button_one_letter_spacing__hover_enabled=\u00bboff\u00bb button_two_letter_spacing__hover_enabled=\u00bboff\u00bb button_bg_color__hover_enabled=\u00bboff\u00bb button_one_bg_color__hover_enabled=\u00bboff\u00bb button_two_bg_color__hover_enabled=\u00bboff\u00bb][\/et_pb_contact_field][et_pb_contact_field field_id=\u00bbEmail\u00bb field_title=\u00bbIndirizzo e-mail\u00bb field_type=\u00bbemail\u00bb _builder_version=\u00bb4.15&#8243; global_colors_info=\u00bb{}\u00bb button_text_size__hover_enabled=\u00bboff\u00bb button_one_text_size__hover_enabled=\u00bboff\u00bb button_two_text_size__hover_enabled=\u00bboff\u00bb button_text_color__hover_enabled=\u00bboff\u00bb button_one_text_color__hover_enabled=\u00bboff\u00bb button_two_text_color__hover_enabled=\u00bboff\u00bb button_border_width__hover_enabled=\u00bboff\u00bb button_one_border_width__hover_enabled=\u00bboff\u00bb button_two_border_width__hover_enabled=\u00bboff\u00bb button_border_color__hover_enabled=\u00bboff\u00bb button_one_border_color__hover_enabled=\u00bboff\u00bb button_two_border_color__hover_enabled=\u00bboff\u00bb button_border_radius__hover_enabled=\u00bboff\u00bb button_one_border_radius__hover_enabled=\u00bboff\u00bb button_two_border_radius__hover_enabled=\u00bboff\u00bb button_letter_spacing__hover_enabled=\u00bboff\u00bb button_one_letter_spacing__hover_enabled=\u00bboff\u00bb button_two_letter_spacing__hover_enabled=\u00bboff\u00bb button_bg_color__hover_enabled=\u00bboff\u00bb button_one_bg_color__hover_enabled=\u00bboff\u00bb button_two_bg_color__hover_enabled=\u00bboff\u00bb][\/et_pb_contact_field][et_pb_contact_field field_id=\u00bbMessage\u00bb field_title=\u00bbMessaggio\u00bb field_type=\u00bbtext\u00bb fullwidth_field=\u00bbon\u00bb _builder_version=\u00bb4.15&#8243; global_colors_info=\u00bb{}\u00bb button_text_size__hover_enabled=\u00bboff\u00bb button_one_text_size__hover_enabled=\u00bboff\u00bb button_two_text_size__hover_enabled=\u00bboff\u00bb button_text_color__hover_enabled=\u00bboff\u00bb button_one_text_color__hover_enabled=\u00bboff\u00bb button_two_text_color__hover_enabled=\u00bboff\u00bb button_border_width__hover_enabled=\u00bboff\u00bb button_one_border_width__hover_enabled=\u00bboff\u00bb button_two_border_width__hover_enabled=\u00bboff\u00bb button_border_color__hover_enabled=\u00bboff\u00bb button_one_border_color__hover_enabled=\u00bboff\u00bb button_two_border_color__hover_enabled=\u00bboff\u00bb button_border_radius__hover_enabled=\u00bboff\u00bb button_one_border_radius__hover_enabled=\u00bboff\u00bb button_two_border_radius__hover_enabled=\u00bboff\u00bb button_letter_spacing__hover_enabled=\u00bboff\u00bb button_one_letter_spacing__hover_enabled=\u00bboff\u00bb button_two_letter_spacing__hover_enabled=\u00bboff\u00bb button_bg_color__hover_enabled=\u00bboff\u00bb button_one_bg_color__hover_enabled=\u00bboff\u00bb button_two_bg_color__hover_enabled=\u00bboff\u00bb][\/et_pb_contact_field][\/et_pb_contact_form][et_pb_text admin_label=\u00bbCF 7&#8243; _builder_version=\u00bb4.15.1&#8243; _module_preset=\u00bbdefault\u00bb hover_enabled=\u00bb0&#8243; global_colors_info=\u00bb{}\u00bb sticky_enabled=\u00bb0&#8243;]<\/p>\n<div role=\"form\" class=\"wpcf7\" id=\"wpcf7-f341169-o1\" lang=\"it-IT\" dir=\"ltr\">\n<div class=\"screen-reader-response\"><p role=\"status\" aria-live=\"polite\" aria-atomic=\"true\"><\/p> <ul><\/ul><\/div>\n<form action=\"\/es\/wp-json\/wp\/v2\/pages\/341186#wpcf7-f341169-o1\" method=\"post\" class=\"wpcf7-form init\" enctype=\"multipart\/form-data\" novalidate=\"novalidate\" data-status=\"init\">\n<div style=\"display: none;\">\n<input type=\"hidden\" name=\"_wpcf7\" value=\"341169\" \/>\n<input type=\"hidden\" name=\"_wpcf7_version\" value=\"5.6\" \/>\n<input type=\"hidden\" name=\"_wpcf7_locale\" value=\"it_IT\" \/>\n<input type=\"hidden\" name=\"_wpcf7_unit_tag\" value=\"wpcf7-f341169-o1\" \/>\n<input type=\"hidden\" name=\"_wpcf7_container_post\" value=\"0\" \/>\n<input type=\"hidden\" name=\"_wpcf7_posted_data_hash\" value=\"\" \/>\n<input type=\"hidden\" name=\"_wpcf7_recaptcha_response\" value=\"\" \/>\n<\/div>\n<div class=\"et_pb_contact\">\n<p class=\"et_pb_contact_field et_pb_contact_field_half\">Nombre*<br><span class=\"wpcf7-form-control-wrap\" data-name=\"nome\"><input type=\"text\" name=\"nome\" value=\"\" size=\"40\" class=\"wpcf7-form-control wpcf7-text wpcf7-validates-as-required\" aria-required=\"true\" aria-invalid=\"false\" \/><\/span><\/p>\n<p class=\"et_pb_contact_field et_pb_contact_field_half et_pb_contact_field_last\">Apellidos*<br><span class=\"wpcf7-form-control-wrap\" data-name=\"cognome\"><input type=\"text\" name=\"cognome\" value=\"\" size=\"40\" class=\"wpcf7-form-control wpcf7-text wpcf7-validates-as-required\" aria-required=\"true\" aria-invalid=\"false\" \/><\/span><\/p>\n<p class=\"et_pb_contact_field et_pb_contact_field_half et_pb_contact_field_last\">Fecha de nacimiento*<br><span class=\"wpcf7-form-control-wrap\" data-name=\"nascita\"><input type=\"date\" name=\"nascita\" value=\"\" class=\"wpcf7-form-control wpcf7-date wpcf7-validates-as-required wpcf7-validates-as-date\" aria-required=\"true\" aria-invalid=\"false\" \/><\/span><\/p>\n<p class=\"et_pb_contact_field et_pb_contact_field_half\">Ciudad de residencia actual*<br><span class=\"wpcf7-form-control-wrap\" data-name=\"citta\"><input type=\"text\" name=\"citta\" value=\"\" size=\"40\" class=\"wpcf7-form-control wpcf7-text wpcf7-validates-as-required\" aria-required=\"true\" aria-invalid=\"false\" \/><\/span><\/p>\n<p class=\"et_pb_contact_field et_pb_contact_field_half et_pb_contact_field_last\">Nacionalidad*<br><span class=\"wpcf7-form-control-wrap\" data-name=\"cittadinanza\"><input type=\"text\" name=\"cittadinanza\" value=\"\" size=\"40\" class=\"wpcf7-form-control wpcf7-text wpcf7-validates-as-required\" aria-required=\"true\" aria-invalid=\"false\" \/><\/span><\/p>\n<p class=\"et_pb_contact_field et_pb_contact_field_half\">Tipo de trabajo para el que te postulas*<br><span class=\"wpcf7-form-control-wrap\" data-name=\"tipo-lavoro\"><select name=\"tipo-lavoro\" class=\"wpcf7-form-control wpcf7-select wpcf7-validates-as-required\" aria-required=\"true\" aria-invalid=\"false\"><option value=\"\">---<\/option><option value=\"Producci\u00f3n\">Producci\u00f3n<\/option><option value=\"Comercial\">Comercial<\/option><option value=\"Programaci\u00f3n\">Programaci\u00f3n<\/option><option value=\"Log\u00edstica\">Log\u00edstica<\/option><option value=\"Compras\">Compras<\/option><option value=\"Otros\">Otros<\/option><\/select><\/span><\/p>\n<p class=\"et_pb_contact_field et_pb_contact_field_half et_pb_contact_field_last\">Funci\u00f3n*<br><span class=\"wpcf7-form-control-wrap\" data-name=\"mansione\"><select name=\"mansione\" class=\"wpcf7-form-control wpcf7-select wpcf7-validates-as-required\" aria-required=\"true\" aria-invalid=\"false\"><option value=\"\">---<\/option><option value=\"Production worker\">Production worker<\/option><option value=\"Office worker\">Office worker<\/option><option value=\"Other\">Other<\/option><\/select><\/span><\/p>\n<p class=\"et_pb_contact_field et_pb_contact_field_half\">Direcci\u00f3n de correo electr\u00f3nico*<br><span class=\"wpcf7-form-control-wrap\" data-name=\"email\"><input type=\"email\" name=\"email\" value=\"\" size=\"40\" class=\"wpcf7-form-control wpcf7-text wpcf7-email wpcf7-validates-as-required wpcf7-validates-as-email\" aria-required=\"true\" aria-invalid=\"false\" \/><\/span><\/p>\n<p class=\"et_pb_contact_field et_pb_contact_field_half et_pb_contact_field_last\">Tel\u00e9fono*<br><span class=\"wpcf7-form-control-wrap\" data-name=\"telefono\"><input type=\"tel\" name=\"telefono\" value=\"\" size=\"40\" class=\"wpcf7-form-control wpcf7-text wpcf7-tel wpcf7-validates-as-required wpcf7-validates-as-tel\" aria-required=\"true\" aria-invalid=\"false\" \/><\/span><\/p>\n<p class=\"et_pb_contact_field et_pb_contact_field_half\">Adjuntar Curr\u00edculum <br><span class=\"wpcf7-form-control-wrap\" data-name=\"curriculum\"><input type=\"file\" name=\"curriculum\" size=\"40\" class=\"wpcf7-form-control wpcf7-file wpcf7-validates-as-required\" accept=\"audio\/*,video\/*,image\/*\" aria-required=\"true\" aria-invalid=\"false\" \/><\/span><\/p>\n<p class=\"et_pb_contact_field et_pb_contact_field_half et_pb_contact_field_last\">Adjuntar Carta de presentaci\u00f3n <br><span class=\"wpcf7-form-control-wrap\" data-name=\"presentazione\"><input type=\"file\" name=\"presentazione\" size=\"40\" class=\"wpcf7-form-control wpcf7-file\" accept=\"audio\/*,video\/*,image\/*\" aria-invalid=\"false\" \/><\/span><\/p>\n<p class=\"et_pb_contact_field et_pb_contact_field_last\">Peticiones o comentarios<br><span class=\"wpcf7-form-control-wrap\" data-name=\"commenti\"><textarea name=\"commenti\" cols=\"40\" rows=\"10\" class=\"wpcf7-form-control wpcf7-textarea\" aria-invalid=\"false\"><\/textarea><\/span><\/p>\n<div style=\"clear:both;\"><\/div>\n<div class=\"et_pb_contact_field et_pb_contact_field_last\" style=\"margin-left: 3%;\">\n<p><b>AVISO SOBRE EL TRATAMIENTO DE LOS DATOS PERSONALES<\/b><\/p>\n<div class=\"overflow-privacy\">\n<p>Varcolor S.r.l., informs you of the following:<\/p>\n<p><b>Data Controller and Data Protection Officer (RDP\/DPO)<\/b><\/p>\n<p>The Data Controller is Varcolor S.r.l., Via dell\u2019Industria, 22 - 36050 Quinto Vicentino (VI). You can contact the Data Protection Officer at the following e-mail address: dpo@varcolor.it.<\/p>\n<p><b>Purposes of the data processing <\/b><\/p>\n<p >Your personal data will be processed for purposes connected with and instrumental to the performance of personnel selection activities, including the evaluation of your application, the examination of your qualifications, experience and skills and the result of your interview.  Any special data supplied will be processed only for the same purposes as those indicated above and to assess the existence of the requirements for recognising any benefits and\/or grants provided for by law, as well as the existence of the conditions necessary for the application of particular regulations on tax, trade union, health protection and public order, occupational safety and, in general, other regulations on employment law.  <\/p>\n<p ><b>Types of data processed <\/b><\/p>\n<p >The following categories of personal data entered in the form and in the files you attach will be processed: a) Common personal data, such as personal and contact details, data relating to your educational qualifications and work experience, and your image. b) (if any) Personal data disclosing racial or ethnic origin, religious, philosophical or other beliefs, political opinions, membership of parties, trade unions, associations or organisations of religious, philosophical, political or trade-union type, as well as personal data disclosing health.   <\/p>\n<p ><b>Legal basis and provision of data  <\/b><\/p>\n<p>The processing of data under letter a) is based on the execution of pre-contractual measures taken at your request (Art. 6 letter b) EU Reg. 2016\/679); the provision of data is necessary to participate in a possible selection procedure. On the other hand, the processing of the data under letter b) is based on the consent that you may have given (Art. 9 paragraph II letter a) EU Reg. 2016\/679); failure to provide such data will not affect your participation in the selection process, but it may make it impossible to assess the existence of the necessary conditions for the application of special regulations that grant you benefits and\/or disbursements for various reasons.<\/p>\n<p ><b>Data processing methods <\/b><\/p>\n<p >The processing of personal data is carried out by means of the operations indicated in Art. 4 no. 2) GDPR, for the above-mentioned purposes, whether on paper or computer, by means of electronic or otherwise automated tools, in compliance with the regulations in force in particular with regard to confidentiality and security and in accordance with the principles of correctness, lawfulness and transparency and protection of the rights of the individual. The processing is carried out directly by the Data Controller\u2019s organisation, its managers and\/or appointees.<\/p>\n<p ><b>Communication and dissemination<\/b><\/p>\n<p >Your personal data may be communicated to other companies belonging to the Gabrielli Group and processed by third parties who provide instrumental services, including communication services, e-mail, technical services for website management and IT service providers. Personal data will not be disseminated in any way.<\/p>\n<p ><b>Retention period <\/b> <\/p>\n<p >The personal data you provide will be stored for a period not exceeding 24 months.<\/p>\n<p ><b>Transfer of data <\/b><\/p>\n<p >Personal data are stored on servers located within the European Union. In any case, it is understood that the Data Controller may also move the servers outside the EU if necessary. In this case, the Data Controller assures as of now that the transfer of data outside the EU will take place in compliance with the applicable legal provisions, subject to the stipulation of the standard contractual clauses provided for by the European Commission. The updated list of all recipients is available at the Data Controller's premises and will be provided upon request by the data subject by writing to the following e-mail address: privacy@varcolor.it.  <\/p>\n<p ><b>Rights of the data subject <\/b><\/p>\n<p >We also inform you that, in relation to the data, you, as the data subject, may at any time exercise the rights provided for in Chapter III of the Regulation. In particular, you have the right to request from the Controller access to the data concerning you, their rectification or deletion, the integration of incomplete data, the restriction of processing; to receive the data in a structured, commonly used and machine-readable format; to revoke any consent you may have given regarding the processing of your data and to object in whole or in part to the use of the data; as well as to exercise the other rights recognised to you by the applicable regulations. These rights may be exercised by writing to the following e-mail address: privacy@varcolor.it. Pursuant to Article 77 of the Regulation, you also have the right to lodge a complaint with the Data Protection Authority if you consider that the processing violates the aforementioned Regulation.        <\/p>\n<p >Latest update 11\/10\/2023<\/p>\n<\/div>\n<\/div>\n<\/div>\n<p class=\"et_pb_contact_field et_pb_contact_field_last\"><strong>Doy mi consentimiento para el tratamiento de los datos personales<\/strong><\/p>\n<p class=\"et_pb_contact_field et_pb_contact_field_half\">Con el fin de permitir al responsable valorar mi Curr\u00edculum<br><span class=\"wpcf7-form-control-wrap\" data-name=\"privacy\"><span class=\"wpcf7-form-control wpcf7-acceptance\"><span class=\"wpcf7-list-item\"><label><input type=\"checkbox\" name=\"privacy\" value=\"1\" aria-invalid=\"false\" \/><span class=\"wpcf7-list-item-label\">Confirmo haber le\u00eddo el aviso en cumplimiento del art. 13 Reg. UE 2016\/679 y, asimismo, doy mi consentimiento para el tratamiento de mis datos personales seg\u00fan se contempla en el art\u00edculo 9 del Reglamento, cuando se hayan introducido libremente en el CV.<\/span><\/label><\/span><\/span><\/span><\/p>\n<p class=\"et_pb_contact_field et_pb_contact_field_last\">(*) Campos obligatorios<\/p>\n<p class=\"et_pb_contact_field et_pb_contact_field_last\" style=\"text-align: center;\">\n<button type=\"reset\" name=\"et_builder_reset_button\" class=\"et_pb_contact_reset et_pb_button\">Cancelar campos<\/button><button type=\"submit\" name=\"et_builder_submit_button\" class=\"et_pb_contact_submit et_pb_button\">Enviar formulario<\/button><\/p>\n<div class=\"wpcf7-response-output\" aria-hidden=\"true\"><\/div><\/form><\/div>\n<p>[\/et_pb_text][\/et_pb_column][\/et_pb_row][\/et_pb_section]<\/p>\n","protected":false},"excerpt":{"rendered":"<p>\u00a1Te damos la bienvenida a la secci\u00f3n \u201ctrabajar con nosotros\u201d! Varcolor Srl te brinda la oportunidad de trabajar en un ambiente, en constante evoluci\u00f3n, pero en equilibrio con los pilares fundamentales de Gruppo Gabrielli.Si quieres formar parte del mundo Varcolor, puedes postularte cumplimentando el siguiente formulario.\u00a1Los departamentos comercial, producci\u00f3n, programaci\u00f3n, log\u00edstica o compras podr\u00edan necesitarte![contact-form-7 404 \"No encontrado\"]<\/p>\n","protected":false},"author":3,"featured_media":0,"parent":0,"menu_order":0,"comment_status":"closed","ping_status":"closed","template":"","meta":{"_et_pb_use_builder":"on","_et_pb_old_content":"","_et_gb_content_width":"","inline_featured_image":false,"ngg_post_thumbnail":0},"_links":{"self":[{"href":"https:\/\/www.varcolor.it\/es\/wp-json\/wp\/v2\/pages\/341186"}],"collection":[{"href":"https:\/\/www.varcolor.it\/es\/wp-json\/wp\/v2\/pages"}],"about":[{"href":"https:\/\/www.varcolor.it\/es\/wp-json\/wp\/v2\/types\/page"}],"author":[{"embeddable":true,"href":"https:\/\/www.varcolor.it\/es\/wp-json\/wp\/v2\/users\/3"}],"replies":[{"embeddable":true,"href":"https:\/\/www.varcolor.it\/es\/wp-json\/wp\/v2\/comments?post=341186"}],"version-history":[{"count":2,"href":"https:\/\/www.varcolor.it\/es\/wp-json\/wp\/v2\/pages\/341186\/revisions"}],"predecessor-version":[{"id":341190,"href":"https:\/\/www.varcolor.it\/es\/wp-json\/wp\/v2\/pages\/341186\/revisions\/341190"}],"wp:attachment":[{"href":"https:\/\/www.varcolor.it\/es\/wp-json\/wp\/v2\/media?parent=341186"}],"curies":[{"name":"wp","href":"https:\/\/api.w.org\/{rel}","templated":true}]}}