{"id":338518,"date":"2023-06-05T15:02:40","date_gmt":"2023-06-05T13:02:40","guid":{"rendered":"https:\/\/www.varcolor.it\/privacy-policy\/"},"modified":"2023-08-01T12:01:47","modified_gmt":"2023-08-01T10:01:47","slug":"politique-de-confidentialite","status":"publish","type":"page","link":"https:\/\/www.varcolor.it\/fr\/politique-de-confidentialite\/","title":{"rendered":"Politique de confidentialit\u00e9"},"content":{"rendered":"<p>[et_pb_section fb_built=\u00a0\u00bb1&Prime; _builder_version=\u00a0\u00bb4.15&Prime; da_disable_devices=\u00a0\u00bboff|off|off\u00a0\u00bb global_colors_info=\u00a0\u00bb{}\u00a0\u00bb da_is_popup=\u00a0\u00bboff\u00a0\u00bb da_exit_intent=\u00a0\u00bboff\u00a0\u00bb da_has_close=\u00a0\u00bbon\u00a0\u00bb da_alt_close=\u00a0\u00bboff\u00a0\u00bb da_dark_close=\u00a0\u00bboff\u00a0\u00bb da_not_modal=\u00a0\u00bbon\u00a0\u00bb da_is_singular=\u00a0\u00bboff\u00a0\u00bb da_with_loader=\u00a0\u00bboff\u00a0\u00bb da_has_shadow=\u00a0\u00bbon\u00a0\u00bb][et_pb_row _builder_version=\u00a0\u00bb4.15&Prime; global_colors_info=\u00a0\u00bb{}\u00a0\u00bb][et_pb_column type=\u00a0\u00bb4_4&Prime; _builder_version=\u00a0\u00bb4.15&Prime; global_colors_info=\u00a0\u00bb{}\u00a0\u00bb][et_pb_text _builder_version=\u00a0\u00bb4.15.1&Prime; header_font=\u00a0\u00bb|||on|||||\u00a0\u00bb hover_enabled=\u00a0\u00bb0&Prime; global_colors_info=\u00a0\u00bb{}\u00a0\u00bb sticky_enabled=\u00a0\u00bb0&Prime;]<\/p>\n<h1>Informations concernant le traitement des donn\u00e9es personnelles<\/h1>\n<p>[\/et_pb_text][et_pb_text _builder_version=\u00a0\u00bb4.15.1&Prime; hover_enabled=\u00a0\u00bb0&Prime; global_colors_info=\u00a0\u00bb{}\u00a0\u00bb sticky_enabled=\u00a0\u00bb0&Prime;]<\/p>\n<p><strong>PROPRI\u00c9TAIRE DU TRAITEMENT DES DONN\u00c9ES<\/strong><\/p>\n<p>Varcolor S.r.l., Via dell\u2019Industria, 22 \u2013 36050 Quinto Vicentino (VI) \u2013 Code Fiscal et N\u00b0 TVA : IT 02828680245<\/p>\n<p><strong>RESPONSABLE DE LA PROTECTION DES DONN\u00c9ES PERSONNELLES<\/strong><\/p>\n<p>Le Propri\u00e9taire du Traitement a nomm\u00e9 Me Silvia Gorini en qualit\u00e9 de responsable de la protection des donn\u00e9es personnelles, pouvant \u00eatre contact\u00e9e \u00e0 l&rsquo;adresse e-mail : dpo@varcolor.it<\/p>\n<p>Suite \u00e0 la consultation de ce site, certaines donn\u00e9es relatives \u00e0 des personnes physiques e\/ou morales identifi\u00e9es ou non peuvent \u00eatre trait\u00e9es.<\/p>\n<p><strong>LIEU DU TRAITEMENT DES DONN\u00c9ES<\/strong><\/p>\n<p>Les traitements provenant des services web de ce site ont lieu aupr\u00e8s du si\u00e8ge pr\u00e9cit\u00e9 et sont trait\u00e9s uniquement par le personnel charg\u00e9 du traitement, ou bien par d&rsquo;\u00e9ventuelles personnes s&rsquo;occupant d&rsquo;op\u00e9rations d&rsquo;entretien occasionnelles et de secr\u00e9tariat. Les donn\u00e9es fournies pourront \u00eatre communiqu\u00e9es \u00e0 des tiers en relation avec les services rendus au propri\u00e9taire du traitement ; ces personnes seront d\u00e9sign\u00e9es en qualit\u00e9 de responsables du traitement conform\u00e9ment \u00e0 l&rsquo;article 28 du R\u00e8glement UE 2016\/679.<\/p>\n<p><strong>TYPE DE DONN\u00c9ES TRAIT\u00c9ES<\/strong><\/p>\n<p><strong>Donn\u00e9es de navigation<\/strong> : Les syst\u00e8mes informatiques et les proc\u00e9dures de logiciels pr\u00e9pos\u00e9s au fonctionnement de ce site web acqui\u00e8rent, au cours de leur exercice certaines donn\u00e9es personnelles dont la transmission est implicite lors de l&rsquo;utilisation des protocoles de communication sur Internet. Il s&rsquo;agit d&rsquo;informations qui ne sont pas recueillies pour \u00eatre associ\u00e9es aux personnes identifi\u00e9es int\u00e9ress\u00e9es, mais qui pourraient, \u00e0 travers une \u00e9laboration et une association de donn\u00e9es d\u00e9tenues par des tiers, permettre d&rsquo;identifier les usagers. Cette cat\u00e9gorie de donn\u00e9es comprend les adresses IP ou les noms de domaine des ordinateurs utilis\u00e9s par les utilisateurs qui se connectent au site, les adresses en notation URI (Uniform Resource Identifier) des ressources demand\u00e9es, l&rsquo;heure de la demande, la m\u00e9thode utilis\u00e9e pour soumettre la demande au serveur, la taille du fichier obtenu en r\u00e9ponse, le code num\u00e9rique indiquant l&rsquo;\u00e9tat de la r\u00e9ponse donn\u00e9e par le serveur (succ\u00e8s, erreur, etc.) ainsi que d&rsquo;autres param\u00e8tres relatifs au syst\u00e8me d&rsquo;exploitation et \u00e0 l&rsquo;environnement informatique de l&rsquo;utilisateur. Ces donn\u00e9es sont utilis\u00e9es uniquement pour obtenir des informations statistiques anonymes sur l&rsquo;utilisation du site et pour contr\u00f4ler son fonctionnent correct. Elles sont imm\u00e9diatement annul\u00e9es apr\u00e8s leur \u00e9laboration. Les donn\u00e9es pourraient \u00eatre utilis\u00e9es pour d\u00e9terminer la responsabilit\u00e9 en cas d&rsquo;hypoth\u00e9tiques d\u00e9lits informatiques portant pr\u00e9judice au site.<\/p>\n<p><strong>Les donn\u00e9es fournies volontairement par l&rsquo;utilisateur<\/strong> : l\u2019envoi facultatif, explicite et volontaire d&rsquo;e-mails aux adresses indiqu\u00e9es sur ce site implique l&rsquo;acquisition de l&rsquo;adresse de l&rsquo;exp\u00e9diteur, n\u00e9cessaire pour r\u00e9pondre aux demandes, mais aussi d&rsquo;autres \u00e9ventuelles donn\u00e9es personnelles communiqu\u00e9es sur le formulaire contacts. Des informations sp\u00e9cifiques seront progressivement report\u00e9es ou visualis\u00e9es sur les pages du site pour les services particuliers sur demande. Les donn\u00e9es personnelles fournies dans la section contacts seront utilis\u00e9es pour proc\u00e9der ensuite par un contact t\u00e9l\u00e9phonique ou par e-mail de la soci\u00e9t\u00e9 concern\u00e9e aux fins d&rsquo;un devis et d&rsquo;activit\u00e9s pr\u00e9contractuelles aux termes de l&rsquo;article 6 b) du R\u00e8glement UE 2016\/679. Le consentement express de l&rsquo;int\u00e9ress\u00e9 est toutefois requis pour s&rsquo;abonner au service de newsletter et de mise \u00e0 jour (article 6 a) du R\u00e8glement UE 2016\/679) ainsi que pour les communications personnalis\u00e9es.<\/p>\n<p><strong>Les cookies<\/strong> : Cette section des sites envoie aux visiteurs certains fichiers commun\u00e9ment appel\u00e9s cookies. Les cookies seront utilis\u00e9s par le navigateur de l&rsquo;ordinateur, exclusivement pour m\u00e9moriser les informations de session de l&rsquo;utilisateur du site web. L\u2019utilisation des cookies est une norme du secteur et les navigateurs les stockent dans un dossier sp\u00e9cial. Si vous pr\u00e9f\u00e9rez ne pas recevoir de cookies ou souhaitez \u00eatre inform\u00e9 \u00e0 l&rsquo;avance, vous pouvez configurer votre navigateur Web pour la navigation sur internet. Nous vous informons cependant que sans cette fonction active, il n&rsquo;est pas possible d&rsquo;acc\u00e9der correctement \u00e0 la section forum des sites de l&rsquo;Entreprise. Pour plus d&rsquo;informations, visitez la page sur les cookies.<\/p>\n<p><strong>CARACT\u00c8RE FACULTATIF POUR L&rsquo;ATTRIBUTION DES DONN\u00c9ES<\/strong><\/p>\n<p>A l&rsquo;exception de ce qui est sp\u00e9cifi\u00e9 pour les donn\u00e9es de navigation, l&rsquo;utilisateur est libre de fournir les donn\u00e9es personnelles contenues dans les formulaires de demande, d&rsquo;inscription dans l&rsquo;espace personnel ou indiqu\u00e9es dan les contacts. Leur non attribution peut comporter l&rsquo;impossibilit\u00e9 d&rsquo;obtenir ce qui est demand\u00e9. Cela sera indiqu\u00e9 dans les informations sp\u00e9cifiques lorsque le consentement de l&rsquo;int\u00e9ress\u00e9 est requis et ce dernier sera inform\u00e9 des modalit\u00e9s par lesquelles il pourra r\u00e9voquer un consentement pr\u00e9c\u00e9demment exprim\u00e9.<\/p>\n<p><strong>MODALIT\u00c9S DU TRAITEMENT<\/strong><\/p>\n<p>Les donn\u00e9es personnelles sont trait\u00e9es par des outils informatiques pendant le temps strictement n\u00e9cessaire \u00e0 l&rsquo;atteinte des objectifs pour lesquelles elles ont \u00e9t\u00e9 collect\u00e9es et elles sont compar\u00e9es \u00e0 celles d\u00e9j\u00e0 \u00e9ventuellement d\u00e9tenues par le propri\u00e9taire du traitement pour l&rsquo;ex\u00e9cution d&rsquo;activit\u00e9s ou de services. En cas de divergence, le responsable pourra contacter l&rsquo;exp\u00e9diteur pour v\u00e9rifier l&rsquo;int\u00e9grit\u00e9 des donn\u00e9es ou proc\u00e9der \u00e0 une correction. Des mesures de s\u00e9curit\u00e9 sp\u00e9cifiques sont observ\u00e9es pour \u00e9viter la perte des donn\u00e9es, les utilisations illicites ou incorrectes et les acc\u00e8s non autoris\u00e9s.<\/p>\n<h3>AUTRES INFORMATIONS SUR LE TRAITEMENT<\/h3>\n<p><strong>D\u00e9fense en justice<br \/><\/strong>Les donn\u00e9es personnelles de l&rsquo;Utilisateur peuvent \u00eatre utilis\u00e9es pour la d\u00e9fense du Propri\u00e9taire devant les Tribunaux ou lors des \u00e9tapes pr\u00e9paratoires \u00e0 son \u00e9ventuelle mise en place, contre les abus d&rsquo;utilisation de celle-ci ou des services connexes par l&rsquo;Utilisateur.<br \/>L\u2019Utilisateur d\u00e9clare \u00eatre conscient que le Propri\u00e9taire pourrait \u00eatre amen\u00e9 \u00e0 divulguer des donn\u00e9es \u00e0 la demande des autorit\u00e9s publiques.<\/p>\n<p><strong>Informations sp\u00e9cifiques<br \/><\/strong>A la demande de l&rsquo;Utilisateur, en plus des informations contenues dans cette politique de confidentialit\u00e9, ce Site pourrait fournir \u00e0 l&rsquo;Utilisateur des informations suppl\u00e9mentaires et contextuelles concernant des services sp\u00e9cifiques ou la collecte et le traitement de Donn\u00e9es Personnelles.<\/p>\n<p><strong>Journaux syst\u00e8me et maintenance<br \/><\/strong>Pour des besoins li\u00e9s au fonctionnement et \u00e0 la maintenance, ce Site et tout service tiers utilis\u00e9 par celui-ci peuvent collecter des journaux syst\u00e8me, c&rsquo;est-\u00e0-dire des fichiers qui enregistrent les interactions et qui peuvent \u00e9galement contenir les donn\u00e9es personnelles, telle que l&rsquo;adresse IP de l&rsquo;Utilisateur.<\/p>\n<p><strong>P\u00e9riode de conservation<br \/><\/strong>Les donn\u00e9es personnelles seront conserv\u00e9es conform\u00e9ment aux obligations l\u00e9gales et dans la mesure o\u00f9 elles sont strictement li\u00e9es aux finalit\u00e9s du traitement.<\/p>\n<p><strong>Destinataires des donn\u00e9es<br \/><\/strong>Les donn\u00e9es ne seront pas diffus\u00e9es. Les donn\u00e9es personnelles fournies pour l&rsquo;achat ou une commande de produits peuvent en revanche \u00eatre communiqu\u00e9es<\/p>\n<ol>\n<li>aux personnes auxquelles cette communication doit \u00eatre effectu\u00e9e dans le but de remplir ou d&rsquo;exiger le respect d&rsquo;obligations sp\u00e9cifiques pr\u00e9vues par la loi, les r\u00e8glements et\/ou la l\u00e9gislation communautaire ;<\/li>\n<li>aux entreprises du Groupe Gabrielli qui s&rsquo;occupent du service demand\u00e9.<\/li>\n<li>aux personnes physiques et\/ou morales externes qui fournissent des services essentiels aux activit\u00e9s du Propri\u00e9taire (par exemple les centres d&rsquo;appels, les fournisseurs, les consultants, les soci\u00e9t\u00e9s, les instituts, les cabinets professionnels). Ces personnes agiront en qualit\u00e9 de responsables du traitement.<\/li>\n<\/ol>\n<p><strong>Informations non contenues dans cette politique<br \/><\/strong>De plus amples informations concernant le traitement des donn\u00e9es personnelles peuvent \u00eatre demand\u00e9es \u00e0 tout moment au Propri\u00e9taire du Traitement en utilisant les informations de contact.<\/p>\n<p><strong>EXERCICE DES DROITS PAR LES UTILISATEURS <\/strong><\/p>\n<p>Les personnes auxquelles se r\u00e9f\u00e8rent les donn\u00e9es personnelles ont le droit, \u00e0 tout moment, d&rsquo;obtenir la confirmation sur leur existence en s&rsquo;adressant au Propri\u00e9taire du Traitement, d&rsquo;en conna\u00eetre le contenu et l&rsquo;origine, d&rsquo;en v\u00e9rifier l&rsquo;exactitude ou de demander leur int\u00e9gration, leur annulation, leur mise \u00e0 jour ou la correction, la transformation sous forme anonyme ou le blocage des donn\u00e9es personnelles trait\u00e9es suite \u00e0 une violation de la loi, mais \u00e9galement de s&rsquo;opposer dans tous les cas, pour raison l\u00e9gitime, \u00e0 leur traitement. Les demandes doivent \u00eatre adress\u00e9es au Propri\u00e9taire du Traitement, qui peut \u00eatre contact\u00e9 \u00e0 l&rsquo;adresse e-mail privacy@varcolor.it Il est \u00e9galement possible de d\u00e9poser une plainte aupr\u00e8s du Garant pour la protection des donn\u00e9es personnelles (www.garanteprivacy.it)<\/p>\n<p>&nbsp;<\/p>\n<p>[\/et_pb_text][\/et_pb_column][\/et_pb_row][\/et_pb_section]<\/p>\n","protected":false},"excerpt":{"rendered":"<p>Informations concernant le traitement des donn\u00e9es personnellesPROPRI\u00c9TAIRE DU TRAITEMENT DES DONN\u00c9ES Varcolor S.r.l., Via dell\u2019Industria, 22 \u2013 36050 Quinto Vicentino (VI) \u2013 Code Fiscal et N\u00b0 TVA : IT 02828680245 RESPONSABLE DE LA PROTECTION DES DONN\u00c9ES PERSONNELLES Le Propri\u00e9taire du Traitement a nomm\u00e9 Me Silvia Gorini en qualit\u00e9 de responsable de la protection des donn\u00e9es [&hellip;]<\/p>\n","protected":false},"author":8,"featured_media":0,"parent":0,"menu_order":0,"comment_status":"closed","ping_status":"closed","template":"","meta":{"_et_pb_use_builder":"on","_et_pb_old_content":"","_et_gb_content_width":"","inline_featured_image":false,"ngg_post_thumbnail":0},"_links":{"self":[{"href":"https:\/\/www.varcolor.it\/fr\/wp-json\/wp\/v2\/pages\/338518"}],"collection":[{"href":"https:\/\/www.varcolor.it\/fr\/wp-json\/wp\/v2\/pages"}],"about":[{"href":"https:\/\/www.varcolor.it\/fr\/wp-json\/wp\/v2\/types\/page"}],"author":[{"embeddable":true,"href":"https:\/\/www.varcolor.it\/fr\/wp-json\/wp\/v2\/users\/8"}],"replies":[{"embeddable":true,"href":"https:\/\/www.varcolor.it\/fr\/wp-json\/wp\/v2\/comments?post=338518"}],"version-history":[{"count":2,"href":"https:\/\/www.varcolor.it\/fr\/wp-json\/wp\/v2\/pages\/338518\/revisions"}],"predecessor-version":[{"id":338526,"href":"https:\/\/www.varcolor.it\/fr\/wp-json\/wp\/v2\/pages\/338518\/revisions\/338526"}],"wp:attachment":[{"href":"https:\/\/www.varcolor.it\/fr\/wp-json\/wp\/v2\/media?parent=338518"}],"curies":[{"name":"wp","href":"https:\/\/api.w.org\/{rel}","templated":true}]}}